{"id":623,"date":"2018-10-22T09:44:17","date_gmt":"2018-10-22T07:44:17","guid":{"rendered":"https:\/\/www.fidupress.be\/ba\/nouveaux-clients\/"},"modified":"2022-10-03T13:56:33","modified_gmt":"2022-10-03T11:56:33","slug":"nouveaux-clients","status":"publish","type":"page","link":"https:\/\/www.leuven-accountants.be\/ro\/nouveaux-clients\/","title":{"rendered":"New clients"},"content":{"rendered":"\n<p>Welcome to\u00a0<strong>Leuven Accountants<\/strong>\u00a0and\u00a0<strong>Belgium<\/strong>.\u00a0Belgium is centrally located, has a great transportation system, many diversified industries and has become a home for many international companies and their employees. Brussels is the capital city of the European Union and many expats from all over the world live here. Below are frequently asked questions in reference to moving to Belgium, starting a business and accounting record information. If you have any other general enquiries or questions, feel free to contact us. <\/p>\n\n\n\n<h2 class=\"wp-block-heading\">BRUSSELS ACCOUNTANT\u2019S FAQ for new clients<\/h2>\n\n\n\n<p><\/p>\n","protected":false},"excerpt":{"rendered":"<p>Welcome to\u00a0Leuven Accountants\u00a0and\u00a0Belgium.\u00a0Belgium is centrally located, has a great transportation system, many diversified industries and has become a home for many international companies and their employees. Brussels is the capital city of the European Union and many expats from all over the world live here. Below are frequently asked questions in reference to moving to [&hellip;]<\/p>\n","protected":false},"author":1,"featured_media":2197,"parent":0,"menu_order":0,"comment_status":"closed","ping_status":"closed","template":"template-parts\/faq.php","meta":{"footnotes":""},"class_list":["post-623","page","type-page","status-publish","has-post-thumbnail","hentry"],"acf":[],"yoast_head":"<!-- This site is optimized with the Yoast SEO plugin v27.4 - https:\/\/yoast.com\/product\/yoast-seo-wordpress\/ -->\n<title>New clients - Leuven Accountants<\/title>\n<meta name=\"robots\" content=\"index, follow, max-snippet:-1, max-image-preview:large, max-video-preview:-1\" \/>\n<link rel=\"canonical\" href=\"https:\/\/www.leuven-accountants.be\/ro\/nouveaux-clients\/\" \/>\n<meta property=\"og:locale\" content=\"ro_RO\" \/>\n<meta property=\"og:type\" content=\"article\" \/>\n<meta property=\"og:title\" content=\"New clients - Leuven Accountants\" \/>\n<meta property=\"og:description\" content=\"Welcome to\u00a0Leuven Accountants\u00a0and\u00a0Belgium.\u00a0Belgium is centrally located, has a great transportation system, many diversified industries and has become a home for many international companies and their employees. Brussels is the capital city of the European Union and many expats from all over the world live here. Below are frequently asked questions in reference to moving to [&hellip;]\" \/>\n<meta property=\"og:url\" content=\"https:\/\/www.leuven-accountants.be\/ro\/nouveaux-clients\/\" \/>\n<meta property=\"og:site_name\" content=\"Leuven Accountants\" \/>\n<meta property=\"article:modified_time\" content=\"2022-10-03T11:56:33+00:00\" \/>\n<meta property=\"og:image\" content=\"https:\/\/www.leuven-accountants.be\/wp-content\/uploads\/2022\/09\/header-conversation-v2-1024x287-1.png\" \/>\n\t<meta property=\"og:image:width\" content=\"1140\" \/>\n\t<meta property=\"og:image:height\" content=\"320\" \/>\n\t<meta property=\"og:image:type\" content=\"image\/png\" \/>\n<meta name=\"twitter:card\" content=\"summary_large_image\" \/>\n<meta name=\"twitter:label1\" content=\"Est. reading time\" \/>\n\t<meta name=\"twitter:data1\" content=\"1 minute\" \/>\n<script type=\"application\/ld+json\" class=\"yoast-schema-graph\">{\"@context\":\"https:\\\/\\\/schema.org\",\"@graph\":[{\"@type\":\"WebPage\",\"@id\":\"https:\\\/\\\/www.leuven-accountants.be\\\/ro\\\/nouveaux-clients\\\/\",\"url\":\"https:\\\/\\\/www.leuven-accountants.be\\\/ro\\\/nouveaux-clients\\\/\",\"name\":\"New clients - Leuven Accountants\",\"isPartOf\":{\"@id\":\"https:\\\/\\\/www.leuven-accountants.be\\\/#website\"},\"primaryImageOfPage\":{\"@id\":\"https:\\\/\\\/www.leuven-accountants.be\\\/ro\\\/nouveaux-clients\\\/#primaryimage\"},\"image\":{\"@id\":\"https:\\\/\\\/www.leuven-accountants.be\\\/ro\\\/nouveaux-clients\\\/#primaryimage\"},\"thumbnailUrl\":\"https:\\\/\\\/www.leuven-accountants.be\\\/wp-content\\\/uploads\\\/2022\\\/09\\\/header-conversation-v2-1024x287-1.png\",\"datePublished\":\"2018-10-22T07:44:17+00:00\",\"dateModified\":\"2022-10-03T11:56:33+00:00\",\"breadcrumb\":{\"@id\":\"https:\\\/\\\/www.leuven-accountants.be\\\/ro\\\/nouveaux-clients\\\/#breadcrumb\"},\"inLanguage\":\"ro-RO\",\"potentialAction\":[{\"@type\":\"ReadAction\",\"target\":[\"https:\\\/\\\/www.leuven-accountants.be\\\/ro\\\/nouveaux-clients\\\/\"]}]},{\"@type\":\"ImageObject\",\"inLanguage\":\"ro-RO\",\"@id\":\"https:\\\/\\\/www.leuven-accountants.be\\\/ro\\\/nouveaux-clients\\\/#primaryimage\",\"url\":\"https:\\\/\\\/www.leuven-accountants.be\\\/wp-content\\\/uploads\\\/2022\\\/09\\\/header-conversation-v2-1024x287-1.png\",\"contentUrl\":\"https:\\\/\\\/www.leuven-accountants.be\\\/wp-content\\\/uploads\\\/2022\\\/09\\\/header-conversation-v2-1024x287-1.png\",\"width\":1140,\"height\":320},{\"@type\":\"BreadcrumbList\",\"@id\":\"https:\\\/\\\/www.leuven-accountants.be\\\/ro\\\/nouveaux-clients\\\/#breadcrumb\",\"itemListElement\":[{\"@type\":\"ListItem\",\"position\":1,\"name\":\"Accueil\",\"item\":\"https:\\\/\\\/www.leuven-accountants.be\\\/ro\\\/\"},{\"@type\":\"ListItem\",\"position\":2,\"name\":\"New clients\"}]},{\"@type\":\"WebSite\",\"@id\":\"https:\\\/\\\/www.leuven-accountants.be\\\/#website\",\"url\":\"https:\\\/\\\/www.leuven-accountants.be\\\/\",\"name\":\"Leuven Accountants\",\"description\":\"&lt;strong&gt;Leuven Accountants&lt;\\\/strong&gt; est une entreprise Internationale de comptabilit\u00e9 offrant \u00e0 ses clients une comptabilit\u00e9 appropri\u00e9e et une consultance optimis\u00e9e des imp\u00f4ts. Le cabinet est comp\u00e9tent au sein du contexte belge, pour les citoyens redevables de l\u2019imp\u00f4t belge. Nous sommes aussi reconnus en tant que guide fiable et compagnon pour les expatri\u00e9s qui ont besoin de constituer leur activit\u00e9, d&#039;en assurer la croissance et l\u2019organisation sur le territoire belge.\",\"potentialAction\":[{\"@type\":\"SearchAction\",\"target\":{\"@type\":\"EntryPoint\",\"urlTemplate\":\"https:\\\/\\\/www.leuven-accountants.be\\\/?s={search_term_string}\"},\"query-input\":{\"@type\":\"PropertyValueSpecification\",\"valueRequired\":true,\"valueName\":\"search_term_string\"}}],\"inLanguage\":\"ro-RO\"}]}<\/script>\n<!-- \/ Yoast SEO plugin. -->","yoast_head_json":{"title":"New clients - Leuven Accountants","robots":{"index":"index","follow":"follow","max-snippet":"max-snippet:-1","max-image-preview":"max-image-preview:large","max-video-preview":"max-video-preview:-1"},"canonical":"https:\/\/www.leuven-accountants.be\/ro\/nouveaux-clients\/","og_locale":"ro_RO","og_type":"article","og_title":"New clients - Leuven Accountants","og_description":"Welcome to\u00a0Leuven Accountants\u00a0and\u00a0Belgium.\u00a0Belgium is centrally located, has a great transportation system, many diversified industries and has become a home for many international companies and their employees. Brussels is the capital city of the European Union and many expats from all over the world live here. Below are frequently asked questions in reference to moving to [&hellip;]","og_url":"https:\/\/www.leuven-accountants.be\/ro\/nouveaux-clients\/","og_site_name":"Leuven Accountants","article_modified_time":"2022-10-03T11:56:33+00:00","og_image":[{"width":1140,"height":320,"url":"https:\/\/www.leuven-accountants.be\/wp-content\/uploads\/2022\/09\/header-conversation-v2-1024x287-1.png","type":"image\/png"}],"twitter_card":"summary_large_image","twitter_misc":{"Est. reading time":"1 minute"},"schema":{"@context":"https:\/\/schema.org","@graph":[{"@type":"WebPage","@id":"https:\/\/www.leuven-accountants.be\/ro\/nouveaux-clients\/","url":"https:\/\/www.leuven-accountants.be\/ro\/nouveaux-clients\/","name":"New clients - Leuven Accountants","isPartOf":{"@id":"https:\/\/www.leuven-accountants.be\/#website"},"primaryImageOfPage":{"@id":"https:\/\/www.leuven-accountants.be\/ro\/nouveaux-clients\/#primaryimage"},"image":{"@id":"https:\/\/www.leuven-accountants.be\/ro\/nouveaux-clients\/#primaryimage"},"thumbnailUrl":"https:\/\/www.leuven-accountants.be\/wp-content\/uploads\/2022\/09\/header-conversation-v2-1024x287-1.png","datePublished":"2018-10-22T07:44:17+00:00","dateModified":"2022-10-03T11:56:33+00:00","breadcrumb":{"@id":"https:\/\/www.leuven-accountants.be\/ro\/nouveaux-clients\/#breadcrumb"},"inLanguage":"ro-RO","potentialAction":[{"@type":"ReadAction","target":["https:\/\/www.leuven-accountants.be\/ro\/nouveaux-clients\/"]}]},{"@type":"ImageObject","inLanguage":"ro-RO","@id":"https:\/\/www.leuven-accountants.be\/ro\/nouveaux-clients\/#primaryimage","url":"https:\/\/www.leuven-accountants.be\/wp-content\/uploads\/2022\/09\/header-conversation-v2-1024x287-1.png","contentUrl":"https:\/\/www.leuven-accountants.be\/wp-content\/uploads\/2022\/09\/header-conversation-v2-1024x287-1.png","width":1140,"height":320},{"@type":"BreadcrumbList","@id":"https:\/\/www.leuven-accountants.be\/ro\/nouveaux-clients\/#breadcrumb","itemListElement":[{"@type":"ListItem","position":1,"name":"Accueil","item":"https:\/\/www.leuven-accountants.be\/ro\/"},{"@type":"ListItem","position":2,"name":"New clients"}]},{"@type":"WebSite","@id":"https:\/\/www.leuven-accountants.be\/#website","url":"https:\/\/www.leuven-accountants.be\/","name":"Leuven Accountants","description":"&lt;strong&gt;Leuven Accountants&lt;\/strong&gt; est une entreprise Internationale de comptabilit\u00e9 offrant \u00e0 ses clients une comptabilit\u00e9 appropri\u00e9e et une consultance optimis\u00e9e des imp\u00f4ts. Le cabinet est comp\u00e9tent au sein du contexte belge, pour les citoyens redevables de l\u2019imp\u00f4t belge. Nous sommes aussi reconnus en tant que guide fiable et compagnon pour les expatri\u00e9s qui ont besoin de constituer leur activit\u00e9, d&#039;en assurer la croissance et l\u2019organisation sur le territoire belge.","potentialAction":[{"@type":"SearchAction","target":{"@type":"EntryPoint","urlTemplate":"https:\/\/www.leuven-accountants.be\/?s={search_term_string}"},"query-input":{"@type":"PropertyValueSpecification","valueRequired":true,"valueName":"search_term_string"}}],"inLanguage":"ro-RO"}]}},"_links":{"self":[{"href":"https:\/\/www.leuven-accountants.be\/ro\/wp-json\/wp\/v2\/pages\/623","targetHints":{"allow":["GET"]}}],"collection":[{"href":"https:\/\/www.leuven-accountants.be\/ro\/wp-json\/wp\/v2\/pages"}],"about":[{"href":"https:\/\/www.leuven-accountants.be\/ro\/wp-json\/wp\/v2\/types\/page"}],"author":[{"embeddable":true,"href":"https:\/\/www.leuven-accountants.be\/ro\/wp-json\/wp\/v2\/users\/1"}],"replies":[{"embeddable":true,"href":"https:\/\/www.leuven-accountants.be\/ro\/wp-json\/wp\/v2\/comments?post=623"}],"version-history":[{"count":7,"href":"https:\/\/www.leuven-accountants.be\/ro\/wp-json\/wp\/v2\/pages\/623\/revisions"}],"predecessor-version":[{"id":2312,"href":"https:\/\/www.leuven-accountants.be\/ro\/wp-json\/wp\/v2\/pages\/623\/revisions\/2312"}],"wp:featuredmedia":[{"embeddable":true,"href":"https:\/\/www.leuven-accountants.be\/ro\/wp-json\/wp\/v2\/media\/2197"}],"wp:attachment":[{"href":"https:\/\/www.leuven-accountants.be\/ro\/wp-json\/wp\/v2\/media?parent=623"}],"curies":[{"name":"wp","href":"https:\/\/api.w.org\/{rel}","templated":true}]}}