{"id":616,"date":"2018-10-22T09:44:51","date_gmt":"2018-10-22T07:44:51","guid":{"rendered":"https:\/\/www.fidupress.be\/ba\/echeances\/"},"modified":"2025-06-10T09:17:52","modified_gmt":"2025-06-10T07:17:52","slug":"echeances","status":"publish","type":"page","link":"https:\/\/www.leuven-accountants.be\/ro\/echeances\/","title":{"rendered":"\u00c9ch\u00e9ances"},"content":{"rendered":"\n<h2 class=\"wp-block-heading\">Leuven Accountants \u2013 TAX AND\/OR ACCOUNTING DEADLINES<\/h2>\n\n\n\n<p><\/p>\n","protected":false},"excerpt":{"rendered":"<p>Leuven Accountants \u2013 TAX AND\/OR ACCOUNTING DEADLINES<\/p>\n","protected":false},"author":1,"featured_media":2632,"parent":0,"menu_order":0,"comment_status":"closed","ping_status":"closed","template":"template-parts\/dates.php","meta":{"footnotes":""},"class_list":["post-616","page","type-page","status-publish","has-post-thumbnail","hentry"],"acf":{"dates":[{"date":"15.01.2025","description":"Submittal company tax return (paper version) for financial year closing 30.06.2024 payment and Finprof salary-return re withholding tax on salaries (04q2024)"},{"date":"27.01.2025","description":"Submission VAT-return 04q2024 \/ payment VAT-balance 04q2024 (IBAN BE22 6792 0030 0047)"},{"date":"28.02.2025","description":"Belcotax return payroll resume fiche 281.20 for directors (income FY 2024)"},{"date":"31.03.2025","description":"ASBL\/VZW: non profit declaration \u201cDROIT de SUCCESSION\u201d ** social security contribution payment for self-employed independents &amp; company directors \/ Belgian tax residents (01q2025)"},{"date":"31.03.2025","description":"Annual VAT: list of sales to Belgian clients having a Belgian VAT number"},{"date":"10.04.2025","description":"Prepayment income tax (1st chance to pay self-assessed deposit for FY 2025 individual income taxes)"},{"date":"15.04.2025","description":"Finprof salary-return re withholding tax on salaries (1q2025)"},{"date":"25.04.2025","description":"Submission VAT-return (01q2025) "},{"date":"30.06.2025","description":"Belcotax-transmission of fiches 281.50 according Belcotax protocol (official declaration of paid fees)"},{"date":"30.06.2025","description":"Deadline for submittal of FY 2024 individual income tax return form 276.1 for Belgian tax residence holders (paper version \u2013 sent by post) \u2013 residence-holders"},{"date":"30.06.2025","description":"Social security contribution payment for self-employed independents &amp; company directors \/ Belgian tax residents (2q2025)"},{"date":"10.07.2025","description":"Prepayment income tax (2nd chance to pay self-assessed deposit for FY 2025 individual income taxes) \u2013 BE61 6792 0022 9117"},{"date":"15.07.2025","description":"Payment and Finprof salary-return re withholding tax on salaries (2q2025)"},{"date":"15.07.2025","description":"Deadline for the online transmission of the annual individual income tax return form (via personal e-ID-card \u2013 \u2018tax on web\u2019 protocol \u2013 if filed via e-ID-card of your Leuven Accountants assistant"},{"date":"25.07.2025","description":"Payment VAT \u2013 balance 02q2025 (IBAN BE22 6792 0030 0047)"},{"date":"08.08.2025","description":"Submission VAT-return 02q2025"},{"date":"31.08.2025","description":"Ultimate date for filing statutory company accounts closed 31.12.2024 at the Central Balance Sheet Office of Belgian National Bank at the lowest administrative cost possible (later publication will lead to a fine)"},{"date":"30.09.2025","description":"Social security contribution payment for self-employed independents &amp; company directors \/ Belgian tax residents (03q2025)"},{"date":"16.10.2025","description":"Deadline for filing FY 2024 individual income tax returns (if sent via \u2018tax on web\u2019 application and based on a Leuven Accountants\u2019 proxy) \u2013 residence-holders"},{"date":"30.09.2025","description":"Deadline for submission of company tax return for Belgian companies, branches and not for profit associations regarding their financial year closed 31.12.2024 (Biztax)"},{"date":"10.10.2025","description":"Prepayment income tax (3th chance to pay self-assessed deposit for FY 2025 individual income taxes) \u2013 BE61 6792 0022 9117"},{"date":"15.10.2025","description":"Payment and Finprof salary-return re withholding tax on company director\u2019s salaries (03q2025)"},{"date":"25.10.2025","description":"Submission VAT-return 03q2025 \/ payment VAT-balance 03q2025(IBAN BE22 6792 0030 0047)"},{"date":"05.11.2025","description":"Deadline for filing the personal income tax declaration for Non-Residents (paper version), income 2024"},{"date":"03.12.2025","description":"Deadline for filing the income tax declaration for Non-Residents (transmitted online via tax on web, with or without a proxy)"},{"date":"21.12.2025","description":"Prepayment income tax (4th chance to pay self-assessed deposit for FY 2025 individual income taxes) \u2013 BE61 6792 0022 9117"},{"date":"31.12.2025","description":"Social security contribution payment for self-employed independents &amp; company directors \/ Belgian tax residents (04q2025)"}]},"yoast_head":"<!-- This site is optimized with the Yoast SEO plugin v27.4 - https:\/\/yoast.com\/product\/yoast-seo-wordpress\/ -->\n<title>\u00c9ch\u00e9ances - Leuven Accountants<\/title>\n<meta name=\"robots\" content=\"index, follow, max-snippet:-1, max-image-preview:large, max-video-preview:-1\" \/>\n<link rel=\"canonical\" href=\"https:\/\/www.leuven-accountants.be\/ro\/echeances\/\" \/>\n<meta property=\"og:locale\" content=\"ro_RO\" \/>\n<meta property=\"og:type\" content=\"article\" \/>\n<meta property=\"og:title\" content=\"\u00c9ch\u00e9ances - Leuven Accountants\" \/>\n<meta property=\"og:description\" content=\"Leuven Accountants \u2013 TAX AND\/OR ACCOUNTING DEADLINES\" \/>\n<meta property=\"og:url\" content=\"https:\/\/www.leuven-accountants.be\/ro\/echeances\/\" \/>\n<meta property=\"og:site_name\" content=\"Leuven Accountants\" \/>\n<meta property=\"article:modified_time\" content=\"2025-06-10T07:17:52+00:00\" \/>\n<meta property=\"og:image\" content=\"https:\/\/www.leuven-accountants.be\/wp-content\/uploads\/2022\/10\/header-chair-1024x287-new.png\" \/>\n\t<meta property=\"og:image:width\" content=\"1140\" \/>\n\t<meta property=\"og:image:height\" content=\"320\" \/>\n\t<meta property=\"og:image:type\" content=\"image\/png\" \/>\n<meta name=\"twitter:card\" content=\"summary_large_image\" \/>\n<meta name=\"twitter:label1\" content=\"Est. reading time\" \/>\n\t<meta name=\"twitter:data1\" content=\"1 minute\" \/>\n<script type=\"application\/ld+json\" class=\"yoast-schema-graph\">{\"@context\":\"https:\\\/\\\/schema.org\",\"@graph\":[{\"@type\":\"WebPage\",\"@id\":\"https:\\\/\\\/www.leuven-accountants.be\\\/ro\\\/echeances\\\/\",\"url\":\"https:\\\/\\\/www.leuven-accountants.be\\\/ro\\\/echeances\\\/\",\"name\":\"\u00c9ch\u00e9ances - Leuven Accountants\",\"isPartOf\":{\"@id\":\"https:\\\/\\\/www.leuven-accountants.be\\\/#website\"},\"primaryImageOfPage\":{\"@id\":\"https:\\\/\\\/www.leuven-accountants.be\\\/ro\\\/echeances\\\/#primaryimage\"},\"image\":{\"@id\":\"https:\\\/\\\/www.leuven-accountants.be\\\/ro\\\/echeances\\\/#primaryimage\"},\"thumbnailUrl\":\"https:\\\/\\\/www.leuven-accountants.be\\\/wp-content\\\/uploads\\\/2022\\\/10\\\/header-chair-1024x287-new.png\",\"datePublished\":\"2018-10-22T07:44:51+00:00\",\"dateModified\":\"2025-06-10T07:17:52+00:00\",\"breadcrumb\":{\"@id\":\"https:\\\/\\\/www.leuven-accountants.be\\\/ro\\\/echeances\\\/#breadcrumb\"},\"inLanguage\":\"ro-RO\",\"potentialAction\":[{\"@type\":\"ReadAction\",\"target\":[\"https:\\\/\\\/www.leuven-accountants.be\\\/ro\\\/echeances\\\/\"]}]},{\"@type\":\"ImageObject\",\"inLanguage\":\"ro-RO\",\"@id\":\"https:\\\/\\\/www.leuven-accountants.be\\\/ro\\\/echeances\\\/#primaryimage\",\"url\":\"https:\\\/\\\/www.leuven-accountants.be\\\/wp-content\\\/uploads\\\/2022\\\/10\\\/header-chair-1024x287-new.png\",\"contentUrl\":\"https:\\\/\\\/www.leuven-accountants.be\\\/wp-content\\\/uploads\\\/2022\\\/10\\\/header-chair-1024x287-new.png\",\"width\":1140,\"height\":320},{\"@type\":\"BreadcrumbList\",\"@id\":\"https:\\\/\\\/www.leuven-accountants.be\\\/ro\\\/echeances\\\/#breadcrumb\",\"itemListElement\":[{\"@type\":\"ListItem\",\"position\":1,\"name\":\"Accueil\",\"item\":\"https:\\\/\\\/www.leuven-accountants.be\\\/ro\\\/\"},{\"@type\":\"ListItem\",\"position\":2,\"name\":\"\u00c9ch\u00e9ances\"}]},{\"@type\":\"WebSite\",\"@id\":\"https:\\\/\\\/www.leuven-accountants.be\\\/#website\",\"url\":\"https:\\\/\\\/www.leuven-accountants.be\\\/\",\"name\":\"Leuven Accountants\",\"description\":\"&lt;strong&gt;Leuven Accountants&lt;\\\/strong&gt; est une entreprise Internationale de comptabilit\u00e9 offrant \u00e0 ses clients une comptabilit\u00e9 appropri\u00e9e et une consultance optimis\u00e9e des imp\u00f4ts. Le cabinet est comp\u00e9tent au sein du contexte belge, pour les citoyens redevables de l\u2019imp\u00f4t belge. Nous sommes aussi reconnus en tant que guide fiable et compagnon pour les expatri\u00e9s qui ont besoin de constituer leur activit\u00e9, d&#039;en assurer la croissance et l\u2019organisation sur le territoire belge.\",\"potentialAction\":[{\"@type\":\"SearchAction\",\"target\":{\"@type\":\"EntryPoint\",\"urlTemplate\":\"https:\\\/\\\/www.leuven-accountants.be\\\/?s={search_term_string}\"},\"query-input\":{\"@type\":\"PropertyValueSpecification\",\"valueRequired\":true,\"valueName\":\"search_term_string\"}}],\"inLanguage\":\"ro-RO\"}]}<\/script>\n<!-- \/ Yoast SEO plugin. -->","yoast_head_json":{"title":"\u00c9ch\u00e9ances - Leuven Accountants","robots":{"index":"index","follow":"follow","max-snippet":"max-snippet:-1","max-image-preview":"max-image-preview:large","max-video-preview":"max-video-preview:-1"},"canonical":"https:\/\/www.leuven-accountants.be\/ro\/echeances\/","og_locale":"ro_RO","og_type":"article","og_title":"\u00c9ch\u00e9ances - Leuven Accountants","og_description":"Leuven Accountants \u2013 TAX AND\/OR ACCOUNTING DEADLINES","og_url":"https:\/\/www.leuven-accountants.be\/ro\/echeances\/","og_site_name":"Leuven Accountants","article_modified_time":"2025-06-10T07:17:52+00:00","og_image":[{"width":1140,"height":320,"url":"https:\/\/www.leuven-accountants.be\/wp-content\/uploads\/2022\/10\/header-chair-1024x287-new.png","type":"image\/png"}],"twitter_card":"summary_large_image","twitter_misc":{"Est. reading time":"1 minute"},"schema":{"@context":"https:\/\/schema.org","@graph":[{"@type":"WebPage","@id":"https:\/\/www.leuven-accountants.be\/ro\/echeances\/","url":"https:\/\/www.leuven-accountants.be\/ro\/echeances\/","name":"\u00c9ch\u00e9ances - Leuven Accountants","isPartOf":{"@id":"https:\/\/www.leuven-accountants.be\/#website"},"primaryImageOfPage":{"@id":"https:\/\/www.leuven-accountants.be\/ro\/echeances\/#primaryimage"},"image":{"@id":"https:\/\/www.leuven-accountants.be\/ro\/echeances\/#primaryimage"},"thumbnailUrl":"https:\/\/www.leuven-accountants.be\/wp-content\/uploads\/2022\/10\/header-chair-1024x287-new.png","datePublished":"2018-10-22T07:44:51+00:00","dateModified":"2025-06-10T07:17:52+00:00","breadcrumb":{"@id":"https:\/\/www.leuven-accountants.be\/ro\/echeances\/#breadcrumb"},"inLanguage":"ro-RO","potentialAction":[{"@type":"ReadAction","target":["https:\/\/www.leuven-accountants.be\/ro\/echeances\/"]}]},{"@type":"ImageObject","inLanguage":"ro-RO","@id":"https:\/\/www.leuven-accountants.be\/ro\/echeances\/#primaryimage","url":"https:\/\/www.leuven-accountants.be\/wp-content\/uploads\/2022\/10\/header-chair-1024x287-new.png","contentUrl":"https:\/\/www.leuven-accountants.be\/wp-content\/uploads\/2022\/10\/header-chair-1024x287-new.png","width":1140,"height":320},{"@type":"BreadcrumbList","@id":"https:\/\/www.leuven-accountants.be\/ro\/echeances\/#breadcrumb","itemListElement":[{"@type":"ListItem","position":1,"name":"Accueil","item":"https:\/\/www.leuven-accountants.be\/ro\/"},{"@type":"ListItem","position":2,"name":"\u00c9ch\u00e9ances"}]},{"@type":"WebSite","@id":"https:\/\/www.leuven-accountants.be\/#website","url":"https:\/\/www.leuven-accountants.be\/","name":"Leuven Accountants","description":"&lt;strong&gt;Leuven Accountants&lt;\/strong&gt; est une entreprise Internationale de comptabilit\u00e9 offrant \u00e0 ses clients une comptabilit\u00e9 appropri\u00e9e et une consultance optimis\u00e9e des imp\u00f4ts. Le cabinet est comp\u00e9tent au sein du contexte belge, pour les citoyens redevables de l\u2019imp\u00f4t belge. Nous sommes aussi reconnus en tant que guide fiable et compagnon pour les expatri\u00e9s qui ont besoin de constituer leur activit\u00e9, d&#039;en assurer la croissance et l\u2019organisation sur le territoire belge.","potentialAction":[{"@type":"SearchAction","target":{"@type":"EntryPoint","urlTemplate":"https:\/\/www.leuven-accountants.be\/?s={search_term_string}"},"query-input":{"@type":"PropertyValueSpecification","valueRequired":true,"valueName":"search_term_string"}}],"inLanguage":"ro-RO"}]}},"_links":{"self":[{"href":"https:\/\/www.leuven-accountants.be\/ro\/wp-json\/wp\/v2\/pages\/616","targetHints":{"allow":["GET"]}}],"collection":[{"href":"https:\/\/www.leuven-accountants.be\/ro\/wp-json\/wp\/v2\/pages"}],"about":[{"href":"https:\/\/www.leuven-accountants.be\/ro\/wp-json\/wp\/v2\/types\/page"}],"author":[{"embeddable":true,"href":"https:\/\/www.leuven-accountants.be\/ro\/wp-json\/wp\/v2\/users\/1"}],"replies":[{"embeddable":true,"href":"https:\/\/www.leuven-accountants.be\/ro\/wp-json\/wp\/v2\/comments?post=616"}],"version-history":[{"count":32,"href":"https:\/\/www.leuven-accountants.be\/ro\/wp-json\/wp\/v2\/pages\/616\/revisions"}],"predecessor-version":[{"id":2893,"href":"https:\/\/www.leuven-accountants.be\/ro\/wp-json\/wp\/v2\/pages\/616\/revisions\/2893"}],"wp:featuredmedia":[{"embeddable":true,"href":"https:\/\/www.leuven-accountants.be\/ro\/wp-json\/wp\/v2\/media\/2632"}],"wp:attachment":[{"href":"https:\/\/www.leuven-accountants.be\/ro\/wp-json\/wp\/v2\/media?parent=616"}],"curies":[{"name":"wp","href":"https:\/\/api.w.org\/{rel}","templated":true}]}}