{"id":606,"date":"2018-10-25T14:59:34","date_gmt":"2018-10-25T12:59:34","guid":{"rendered":"https:\/\/www.fidupress.be\/ba\/?page_id=606"},"modified":"2018-10-25T14:59:36","modified_gmt":"2018-10-25T12:59:36","slug":"independenti-contributii-la-sistemul-de-securitate-sociala-social-security","status":"publish","type":"page","link":"https:\/\/www.leuven-accountants.be\/ro\/inregistrarea-unei-afaceri-in-belgia\/independenti-contributii-la-sistemul-de-securitate-sociala-social-security\/","title":{"rendered":"INDEPENDENTI \u2013 CONTRIBUTII LA SISTEMUL DE SECURITATE SOCIALA (SOCIAL SECURITY)"},"content":{"rendered":"\n<p>Orice independent sau director de companie trebuie sa plateasca contriibutii la sistemul de securitate belgian, bazate pe veniturile nete ce deriva din statulul profesional. Venitul net este venitul brut minus cheltuilelile deductibile, plus\/sau pierderile din<\/p>\n\n\n\n<p>anii anteriori(daca exista). Anul de referinta este intoteaduna anul in care au fost realizate veniturile profesionale, chiar daca nu este vorba de un intreg an calendaristic.<\/p>\n\n\n\n<p>Exista un minimum de contributii sociale ce trebuie platit: aproximativ 730 Eur pe trimestru. Contributiile de platit nu pot fi mai jos de aceasta suma. Chiar daca exista pierdere financiara si nu profit in anul in cauza.<br><\/p>\n\n\n\n<p>Un independent care tocmai s-a inregistrat in Belgia, poate incepe prin a plati contributii minime, dar daca estimarea profitului net este mai mare de 13.010 EUR, atunci este de preferat sa se plateasca contributii pe baza estimarilor de venit net.<br><\/p>\n\n\n\n<p>In functie de momentul anul de inregistrare ca si independent, contribu\u021bia la sistemul de securitate sociala reprezinta un cost de 20,5% sau 21% sau 21,5% din venitul net estimat. Aceste procente sunt aplicabile pentru un venit net situat intre 13.010 euro si 56.182 euro. Pentru sumele intre 56.182 euro \u0219i 82.795 euro procentul aplicat este de 14,16%. Orice venit net peste 82.795 de euro este scutit de necesitatea contributiei la Social Security.<\/p>\n\n\n\n<p>Daca doriti informatii suplimentare, nu ezitati sa contactati firma de contabilitate\u00a0<strong>Leuven Accountants<\/strong>.<\/p>\n","protected":false},"excerpt":{"rendered":"<p>Orice independent sau director de companie trebuie sa plateasca contriibutii la sistemul de securitate belgian, bazate pe veniturile nete ce deriva din statulul profesional. Venitul net este venitul brut minus cheltuilelile deductibile, plus\/sau pierderile din anii anteriori(daca exista). Anul de referinta este intoteaduna anul in care au fost realizate veniturile profesionale, chiar daca nu este [&hellip;]<\/p>\n","protected":false},"author":1,"featured_media":0,"parent":599,"menu_order":0,"comment_status":"closed","ping_status":"closed","template":"","meta":{"footnotes":""},"class_list":["post-606","page","type-page","status-publish","hentry"],"acf":[],"yoast_head":"<!-- This site is optimized with the Yoast SEO plugin v27.4 - https:\/\/yoast.com\/product\/yoast-seo-wordpress\/ -->\n<title>INDEPENDENTI \u2013 CONTRIBUTII LA SISTEMUL DE SECURITATE SOCIALA (SOCIAL SECURITY) - Leuven Accountants<\/title>\n<meta name=\"robots\" content=\"index, follow, max-snippet:-1, max-image-preview:large, max-video-preview:-1\" \/>\n<link rel=\"canonical\" href=\"https:\/\/www.leuven-accountants.be\/ro\/inregistrarea-unei-afaceri-in-belgia\/independenti-contributii-la-sistemul-de-securitate-sociala-social-security\/\" \/>\n<meta property=\"og:locale\" content=\"ro_RO\" \/>\n<meta property=\"og:type\" content=\"article\" \/>\n<meta property=\"og:title\" content=\"INDEPENDENTI \u2013 CONTRIBUTII LA SISTEMUL DE SECURITATE SOCIALA (SOCIAL SECURITY) - Leuven Accountants\" \/>\n<meta property=\"og:description\" content=\"Orice independent sau director de companie trebuie sa plateasca contriibutii la sistemul de securitate belgian, bazate pe veniturile nete ce deriva din statulul profesional. Venitul net este venitul brut minus cheltuilelile deductibile, plus\/sau pierderile din anii anteriori(daca exista). Anul de referinta este intoteaduna anul in care au fost realizate veniturile profesionale, chiar daca nu este [&hellip;]\" \/>\n<meta property=\"og:url\" content=\"https:\/\/www.leuven-accountants.be\/ro\/inregistrarea-unei-afaceri-in-belgia\/independenti-contributii-la-sistemul-de-securitate-sociala-social-security\/\" \/>\n<meta property=\"og:site_name\" content=\"Leuven Accountants\" \/>\n<meta property=\"article:modified_time\" content=\"2018-10-25T12:59:36+00:00\" \/>\n<meta name=\"twitter:card\" content=\"summary_large_image\" \/>\n<meta name=\"twitter:label1\" content=\"Est. reading time\" \/>\n\t<meta name=\"twitter:data1\" content=\"1 minute\" \/>\n<script type=\"application\/ld+json\" class=\"yoast-schema-graph\">{\"@context\":\"https:\\\/\\\/schema.org\",\"@graph\":[{\"@type\":\"WebPage\",\"@id\":\"https:\\\/\\\/www.leuven-accountants.be\\\/ro\\\/inregistrarea-unei-afaceri-in-belgia\\\/independenti-contributii-la-sistemul-de-securitate-sociala-social-security\\\/\",\"url\":\"https:\\\/\\\/www.leuven-accountants.be\\\/ro\\\/inregistrarea-unei-afaceri-in-belgia\\\/independenti-contributii-la-sistemul-de-securitate-sociala-social-security\\\/\",\"name\":\"INDEPENDENTI \u2013 CONTRIBUTII LA SISTEMUL DE SECURITATE SOCIALA (SOCIAL SECURITY) - Leuven Accountants\",\"isPartOf\":{\"@id\":\"https:\\\/\\\/www.leuven-accountants.be\\\/#website\"},\"datePublished\":\"2018-10-25T12:59:34+00:00\",\"dateModified\":\"2018-10-25T12:59:36+00:00\",\"breadcrumb\":{\"@id\":\"https:\\\/\\\/www.leuven-accountants.be\\\/ro\\\/inregistrarea-unei-afaceri-in-belgia\\\/independenti-contributii-la-sistemul-de-securitate-sociala-social-security\\\/#breadcrumb\"},\"inLanguage\":\"ro-RO\",\"potentialAction\":[{\"@type\":\"ReadAction\",\"target\":[\"https:\\\/\\\/www.leuven-accountants.be\\\/ro\\\/inregistrarea-unei-afaceri-in-belgia\\\/independenti-contributii-la-sistemul-de-securitate-sociala-social-security\\\/\"]}]},{\"@type\":\"BreadcrumbList\",\"@id\":\"https:\\\/\\\/www.leuven-accountants.be\\\/ro\\\/inregistrarea-unei-afaceri-in-belgia\\\/independenti-contributii-la-sistemul-de-securitate-sociala-social-security\\\/#breadcrumb\",\"itemListElement\":[{\"@type\":\"ListItem\",\"position\":1,\"name\":\"Accueil\",\"item\":\"https:\\\/\\\/www.leuven-accountants.be\\\/ro\\\/\"},{\"@type\":\"ListItem\",\"position\":2,\"name\":\"INREGISTRAREA UNEI AFACERI IN BELGIA\",\"item\":\"https:\\\/\\\/www.leuven-accountants.be\\\/ro\\\/inregistrarea-unei-afaceri-in-belgia\\\/\"},{\"@type\":\"ListItem\",\"position\":3,\"name\":\"INDEPENDENTI \u2013 CONTRIBUTII LA SISTEMUL DE SECURITATE SOCIALA (SOCIAL SECURITY)\"}]},{\"@type\":\"WebSite\",\"@id\":\"https:\\\/\\\/www.leuven-accountants.be\\\/#website\",\"url\":\"https:\\\/\\\/www.leuven-accountants.be\\\/\",\"name\":\"Leuven Accountants\",\"description\":\"&lt;strong&gt;Leuven Accountants&lt;\\\/strong&gt; est une entreprise Internationale de comptabilit\u00e9 offrant \u00e0 ses clients une comptabilit\u00e9 appropri\u00e9e et une consultance optimis\u00e9e des imp\u00f4ts. Le cabinet est comp\u00e9tent au sein du contexte belge, pour les citoyens redevables de l\u2019imp\u00f4t belge. Nous sommes aussi reconnus en tant que guide fiable et compagnon pour les expatri\u00e9s qui ont besoin de constituer leur activit\u00e9, d&#039;en assurer la croissance et l\u2019organisation sur le territoire belge.\",\"potentialAction\":[{\"@type\":\"SearchAction\",\"target\":{\"@type\":\"EntryPoint\",\"urlTemplate\":\"https:\\\/\\\/www.leuven-accountants.be\\\/?s={search_term_string}\"},\"query-input\":{\"@type\":\"PropertyValueSpecification\",\"valueRequired\":true,\"valueName\":\"search_term_string\"}}],\"inLanguage\":\"ro-RO\"}]}<\/script>\n<!-- \/ Yoast SEO plugin. -->","yoast_head_json":{"title":"INDEPENDENTI \u2013 CONTRIBUTII LA SISTEMUL DE SECURITATE SOCIALA (SOCIAL SECURITY) - Leuven Accountants","robots":{"index":"index","follow":"follow","max-snippet":"max-snippet:-1","max-image-preview":"max-image-preview:large","max-video-preview":"max-video-preview:-1"},"canonical":"https:\/\/www.leuven-accountants.be\/ro\/inregistrarea-unei-afaceri-in-belgia\/independenti-contributii-la-sistemul-de-securitate-sociala-social-security\/","og_locale":"ro_RO","og_type":"article","og_title":"INDEPENDENTI \u2013 CONTRIBUTII LA SISTEMUL DE SECURITATE SOCIALA (SOCIAL SECURITY) - Leuven Accountants","og_description":"Orice independent sau director de companie trebuie sa plateasca contriibutii la sistemul de securitate belgian, bazate pe veniturile nete ce deriva din statulul profesional. Venitul net este venitul brut minus cheltuilelile deductibile, plus\/sau pierderile din anii anteriori(daca exista). Anul de referinta este intoteaduna anul in care au fost realizate veniturile profesionale, chiar daca nu este [&hellip;]","og_url":"https:\/\/www.leuven-accountants.be\/ro\/inregistrarea-unei-afaceri-in-belgia\/independenti-contributii-la-sistemul-de-securitate-sociala-social-security\/","og_site_name":"Leuven Accountants","article_modified_time":"2018-10-25T12:59:36+00:00","twitter_card":"summary_large_image","twitter_misc":{"Est. reading time":"1 minute"},"schema":{"@context":"https:\/\/schema.org","@graph":[{"@type":"WebPage","@id":"https:\/\/www.leuven-accountants.be\/ro\/inregistrarea-unei-afaceri-in-belgia\/independenti-contributii-la-sistemul-de-securitate-sociala-social-security\/","url":"https:\/\/www.leuven-accountants.be\/ro\/inregistrarea-unei-afaceri-in-belgia\/independenti-contributii-la-sistemul-de-securitate-sociala-social-security\/","name":"INDEPENDENTI \u2013 CONTRIBUTII LA SISTEMUL DE SECURITATE SOCIALA (SOCIAL SECURITY) - Leuven Accountants","isPartOf":{"@id":"https:\/\/www.leuven-accountants.be\/#website"},"datePublished":"2018-10-25T12:59:34+00:00","dateModified":"2018-10-25T12:59:36+00:00","breadcrumb":{"@id":"https:\/\/www.leuven-accountants.be\/ro\/inregistrarea-unei-afaceri-in-belgia\/independenti-contributii-la-sistemul-de-securitate-sociala-social-security\/#breadcrumb"},"inLanguage":"ro-RO","potentialAction":[{"@type":"ReadAction","target":["https:\/\/www.leuven-accountants.be\/ro\/inregistrarea-unei-afaceri-in-belgia\/independenti-contributii-la-sistemul-de-securitate-sociala-social-security\/"]}]},{"@type":"BreadcrumbList","@id":"https:\/\/www.leuven-accountants.be\/ro\/inregistrarea-unei-afaceri-in-belgia\/independenti-contributii-la-sistemul-de-securitate-sociala-social-security\/#breadcrumb","itemListElement":[{"@type":"ListItem","position":1,"name":"Accueil","item":"https:\/\/www.leuven-accountants.be\/ro\/"},{"@type":"ListItem","position":2,"name":"INREGISTRAREA UNEI AFACERI IN BELGIA","item":"https:\/\/www.leuven-accountants.be\/ro\/inregistrarea-unei-afaceri-in-belgia\/"},{"@type":"ListItem","position":3,"name":"INDEPENDENTI \u2013 CONTRIBUTII LA SISTEMUL DE SECURITATE SOCIALA (SOCIAL SECURITY)"}]},{"@type":"WebSite","@id":"https:\/\/www.leuven-accountants.be\/#website","url":"https:\/\/www.leuven-accountants.be\/","name":"Leuven Accountants","description":"&lt;strong&gt;Leuven Accountants&lt;\/strong&gt; est une entreprise Internationale de comptabilit\u00e9 offrant \u00e0 ses clients une comptabilit\u00e9 appropri\u00e9e et une consultance optimis\u00e9e des imp\u00f4ts. Le cabinet est comp\u00e9tent au sein du contexte belge, pour les citoyens redevables de l\u2019imp\u00f4t belge. Nous sommes aussi reconnus en tant que guide fiable et compagnon pour les expatri\u00e9s qui ont besoin de constituer leur activit\u00e9, d&#039;en assurer la croissance et l\u2019organisation sur le territoire belge.","potentialAction":[{"@type":"SearchAction","target":{"@type":"EntryPoint","urlTemplate":"https:\/\/www.leuven-accountants.be\/?s={search_term_string}"},"query-input":{"@type":"PropertyValueSpecification","valueRequired":true,"valueName":"search_term_string"}}],"inLanguage":"ro-RO"}]}},"_links":{"self":[{"href":"https:\/\/www.leuven-accountants.be\/ro\/wp-json\/wp\/v2\/pages\/606","targetHints":{"allow":["GET"]}}],"collection":[{"href":"https:\/\/www.leuven-accountants.be\/ro\/wp-json\/wp\/v2\/pages"}],"about":[{"href":"https:\/\/www.leuven-accountants.be\/ro\/wp-json\/wp\/v2\/types\/page"}],"author":[{"embeddable":true,"href":"https:\/\/www.leuven-accountants.be\/ro\/wp-json\/wp\/v2\/users\/1"}],"replies":[{"embeddable":true,"href":"https:\/\/www.leuven-accountants.be\/ro\/wp-json\/wp\/v2\/comments?post=606"}],"version-history":[{"count":1,"href":"https:\/\/www.leuven-accountants.be\/ro\/wp-json\/wp\/v2\/pages\/606\/revisions"}],"predecessor-version":[{"id":607,"href":"https:\/\/www.leuven-accountants.be\/ro\/wp-json\/wp\/v2\/pages\/606\/revisions\/607"}],"up":[{"embeddable":true,"href":"https:\/\/www.leuven-accountants.be\/ro\/wp-json\/wp\/v2\/pages\/599"}],"wp:attachment":[{"href":"https:\/\/www.leuven-accountants.be\/ro\/wp-json\/wp\/v2\/media?parent=606"}],"curies":[{"name":"wp","href":"https:\/\/api.w.org\/{rel}","templated":true}]}}