{"id":604,"date":"2018-10-25T14:57:16","date_gmt":"2018-10-25T12:57:16","guid":{"rendered":"https:\/\/www.fidupress.be\/ba\/?page_id=604"},"modified":"2022-04-11T20:44:15","modified_gmt":"2022-04-11T18:44:15","slug":"societati-comerciale-srl-sprl-sau-sa","status":"publish","type":"page","link":"https:\/\/www.leuven-accountants.be\/ro\/inregistrarea-unei-afaceri-in-belgia\/societati-comerciale-srl-sprl-sau-sa\/","title":{"rendered":"-old-Societati comerciale: SRL\/ SPRL sau SA ?"},"content":{"rendered":"\n<h2 class=\"wp-block-heading\">Infiintarea unei societati comerciale in Belgia<\/h2>\n\n\n\n<p>In cazul in care se doreste infiintarea unei societati comerciale in Belgia, primul pas este alegerea tipului de societate potrivit. Exista mai multe tipuri de societati comerciale in Belgia, fie cu raspundere limitata a actionarilor, fie cu raspundere nelimitata. Pentru cele din urma timpul necesar infintarii este superior fata de cel necesar infiintarii societatilor cu raspundere limitata<\/p>\n\n\n\n<h2 class=\"wp-block-heading\">Exista 2 tipuri de societati comerciale cu raspundere limitata: SRL (BVBA\/SPRL) sau SA<\/h2>\n\n\n\n<p>Un SRL (BVBA (NL) \/ SPRL (FR)) are nevoie de cel pu\u021bin un ac\u021bionar. In cazul in care actionar unic este o corpora\u021bie, raspunderea limitata nu mai aplicabila. Un manager este suficient. Actionarul\/actionarii si managerul\/managerii nu sunt obligati s\u0103 fie rezidenti in Belgia. Un SA are nevoie de cel putin doi actionari si trei directori, desi doi directori sunt de ajuns, in cazul in care exista doar doi actionari.<\/p>\n\n\n\n<p>Capitalul social al unui SRL (BVBA \/ SPRL) se ridic\u0103 18.550 EUR, din care cel pu\u021bin 6.200 de euro trebuie prezentati la data infiintarii societatii comerciale (capital social varsat). In cazul societatilor cu asociat unic, capitalul social varsat minim este de 12.400 EUR. Capitalul social subscris in cazul SA\/NV de 61500 EUR. Nivelul de capital social minim varsat la momentul infiintarii SA-ului: 25% din capitalul social subscris. Actionarii raman intotdeauna raspunzatori pentru orice parte de capital social nevarsat.<\/p>\n\n\n\n<h2 class=\"wp-block-heading\">Plata capitalului social<\/h2>\n\n\n\n<p>Viitorul(ii) ac\u021bionar(i) trebuie s\u0103 depuna fondurile \u00eentr-un cont bancar belgian deschis special \u00een numele companiei ce urmeaza a se inregistra. Institu\u021bia financiara va emite un certificat care va fi predat la notar pentru adaugarea la actul constitutiv. Fondurile pot fi eliberate numai pe dou\u0103 cai:<\/p>\n\n\n\n<h3 class=\"wp-block-heading\">Contributia \u00een numerar<\/h3>\n\n\n\n<ul class=\"wp-block-list\"><li>odata ce compania a fost formata: numai persoanele autorizate sa angajeze societatea pot avea acces la fondurile sale \u0219i numai dupa ce notarul a informat institu\u021bia financiara ca actul constitutiv a fost realizat.<\/li><li>in cazul \u00een care societatea nu este formata in termen de trei luni de la data deschiderii contului: fondurile vor fi returnate, la cerere, celor care le-au depus.<\/li><\/ul>\n\n\n\n<h3 class=\"wp-block-heading\">Contribu\u021bia \u00een natura<\/h3>\n\n\n\n<ul class=\"wp-block-list\"><li>Auditorul companiei trebuie sa intocmeasc\u0103 un raport care sa descrie si sa evalueze contributiile in natura iar fondatorii trebuie sa emita un raport in care interesul pentru aceste contributii \u0219i, daca este cazul, motivele pentru care acestea difera de concluziile auditorului; cele doua rapoarte trebuie sa fie depuse la grefierul instan\u021bei comerciale.<\/li><\/ul>\n","protected":false},"excerpt":{"rendered":"<p>Infiintarea unei societati comerciale in Belgia In cazul in care se doreste infiintarea unei societati comerciale in Belgia, primul pas este alegerea tipului de societate potrivit. Exista mai multe tipuri de societati comerciale in Belgia, fie cu raspundere limitata a actionarilor, fie cu raspundere nelimitata. Pentru cele din urma timpul necesar infintarii este superior fata [&hellip;]<\/p>\n","protected":false},"author":1,"featured_media":0,"parent":599,"menu_order":0,"comment_status":"closed","ping_status":"closed","template":"","meta":{"footnotes":""},"class_list":["post-604","page","type-page","status-publish","hentry"],"acf":[],"yoast_head":"<!-- This site is optimized with the Yoast SEO plugin v27.5 - https:\/\/yoast.com\/product\/yoast-seo-wordpress\/ -->\n<title>-old-Societati comerciale: SRL\/ SPRL sau SA ? - Leuven Accountants<\/title>\n<meta name=\"robots\" content=\"index, follow, max-snippet:-1, max-image-preview:large, max-video-preview:-1\" \/>\n<link rel=\"canonical\" href=\"https:\/\/www.leuven-accountants.be\/ro\/inregistrarea-unei-afaceri-in-belgia\/societati-comerciale-srl-sprl-sau-sa\/\" \/>\n<meta property=\"og:locale\" content=\"ro_RO\" \/>\n<meta property=\"og:type\" content=\"article\" \/>\n<meta property=\"og:title\" content=\"-old-Societati comerciale: SRL\/ SPRL sau SA ? - Leuven Accountants\" \/>\n<meta property=\"og:description\" content=\"Infiintarea unei societati comerciale in Belgia In cazul in care se doreste infiintarea unei societati comerciale in Belgia, primul pas este alegerea tipului de societate potrivit. Exista mai multe tipuri de societati comerciale in Belgia, fie cu raspundere limitata a actionarilor, fie cu raspundere nelimitata. Pentru cele din urma timpul necesar infintarii este superior fata [&hellip;]\" \/>\n<meta property=\"og:url\" content=\"https:\/\/www.leuven-accountants.be\/ro\/inregistrarea-unei-afaceri-in-belgia\/societati-comerciale-srl-sprl-sau-sa\/\" \/>\n<meta property=\"og:site_name\" content=\"Leuven Accountants\" \/>\n<meta property=\"article:modified_time\" content=\"2022-04-11T18:44:15+00:00\" \/>\n<meta name=\"twitter:card\" content=\"summary_large_image\" \/>\n<meta name=\"twitter:label1\" content=\"Est. reading time\" \/>\n\t<meta name=\"twitter:data1\" content=\"2 minutes\" \/>\n<script type=\"application\/ld+json\" class=\"yoast-schema-graph\">{\"@context\":\"https:\\\/\\\/schema.org\",\"@graph\":[{\"@type\":\"WebPage\",\"@id\":\"https:\\\/\\\/www.leuven-accountants.be\\\/ro\\\/inregistrarea-unei-afaceri-in-belgia\\\/societati-comerciale-srl-sprl-sau-sa\\\/\",\"url\":\"https:\\\/\\\/www.leuven-accountants.be\\\/ro\\\/inregistrarea-unei-afaceri-in-belgia\\\/societati-comerciale-srl-sprl-sau-sa\\\/\",\"name\":\"-old-Societati comerciale: SRL\\\/ SPRL sau SA ? - Leuven Accountants\",\"isPartOf\":{\"@id\":\"https:\\\/\\\/www.leuven-accountants.be\\\/#website\"},\"datePublished\":\"2018-10-25T12:57:16+00:00\",\"dateModified\":\"2022-04-11T18:44:15+00:00\",\"breadcrumb\":{\"@id\":\"https:\\\/\\\/www.leuven-accountants.be\\\/ro\\\/inregistrarea-unei-afaceri-in-belgia\\\/societati-comerciale-srl-sprl-sau-sa\\\/#breadcrumb\"},\"inLanguage\":\"ro-RO\",\"potentialAction\":[{\"@type\":\"ReadAction\",\"target\":[\"https:\\\/\\\/www.leuven-accountants.be\\\/ro\\\/inregistrarea-unei-afaceri-in-belgia\\\/societati-comerciale-srl-sprl-sau-sa\\\/\"]}]},{\"@type\":\"BreadcrumbList\",\"@id\":\"https:\\\/\\\/www.leuven-accountants.be\\\/ro\\\/inregistrarea-unei-afaceri-in-belgia\\\/societati-comerciale-srl-sprl-sau-sa\\\/#breadcrumb\",\"itemListElement\":[{\"@type\":\"ListItem\",\"position\":1,\"name\":\"Accueil\",\"item\":\"https:\\\/\\\/www.leuven-accountants.be\\\/ro\\\/\"},{\"@type\":\"ListItem\",\"position\":2,\"name\":\"INREGISTRAREA UNEI AFACERI IN BELGIA\",\"item\":\"https:\\\/\\\/www.leuven-accountants.be\\\/ro\\\/inregistrarea-unei-afaceri-in-belgia\\\/\"},{\"@type\":\"ListItem\",\"position\":3,\"name\":\"-old-Societati comerciale: SRL\\\/ SPRL sau SA ?\"}]},{\"@type\":\"WebSite\",\"@id\":\"https:\\\/\\\/www.leuven-accountants.be\\\/#website\",\"url\":\"https:\\\/\\\/www.leuven-accountants.be\\\/\",\"name\":\"Leuven Accountants\",\"description\":\"&lt;strong&gt;Leuven Accountants&lt;\\\/strong&gt; est une entreprise Internationale de comptabilit\u00e9 offrant \u00e0 ses clients une comptabilit\u00e9 appropri\u00e9e et une consultance optimis\u00e9e des imp\u00f4ts. Le cabinet est comp\u00e9tent au sein du contexte belge, pour les citoyens redevables de l\u2019imp\u00f4t belge. Nous sommes aussi reconnus en tant que guide fiable et compagnon pour les expatri\u00e9s qui ont besoin de constituer leur activit\u00e9, d&#039;en assurer la croissance et l\u2019organisation sur le territoire belge.\",\"potentialAction\":[{\"@type\":\"SearchAction\",\"target\":{\"@type\":\"EntryPoint\",\"urlTemplate\":\"https:\\\/\\\/www.leuven-accountants.be\\\/?s={search_term_string}\"},\"query-input\":{\"@type\":\"PropertyValueSpecification\",\"valueRequired\":true,\"valueName\":\"search_term_string\"}}],\"inLanguage\":\"ro-RO\"}]}<\/script>\n<!-- \/ Yoast SEO plugin. -->","yoast_head_json":{"title":"-old-Societati comerciale: SRL\/ SPRL sau SA ? - Leuven Accountants","robots":{"index":"index","follow":"follow","max-snippet":"max-snippet:-1","max-image-preview":"max-image-preview:large","max-video-preview":"max-video-preview:-1"},"canonical":"https:\/\/www.leuven-accountants.be\/ro\/inregistrarea-unei-afaceri-in-belgia\/societati-comerciale-srl-sprl-sau-sa\/","og_locale":"ro_RO","og_type":"article","og_title":"-old-Societati comerciale: SRL\/ SPRL sau SA ? - Leuven Accountants","og_description":"Infiintarea unei societati comerciale in Belgia In cazul in care se doreste infiintarea unei societati comerciale in Belgia, primul pas este alegerea tipului de societate potrivit. Exista mai multe tipuri de societati comerciale in Belgia, fie cu raspundere limitata a actionarilor, fie cu raspundere nelimitata. Pentru cele din urma timpul necesar infintarii este superior fata [&hellip;]","og_url":"https:\/\/www.leuven-accountants.be\/ro\/inregistrarea-unei-afaceri-in-belgia\/societati-comerciale-srl-sprl-sau-sa\/","og_site_name":"Leuven Accountants","article_modified_time":"2022-04-11T18:44:15+00:00","twitter_card":"summary_large_image","twitter_misc":{"Est. reading time":"2 minutes"},"schema":{"@context":"https:\/\/schema.org","@graph":[{"@type":"WebPage","@id":"https:\/\/www.leuven-accountants.be\/ro\/inregistrarea-unei-afaceri-in-belgia\/societati-comerciale-srl-sprl-sau-sa\/","url":"https:\/\/www.leuven-accountants.be\/ro\/inregistrarea-unei-afaceri-in-belgia\/societati-comerciale-srl-sprl-sau-sa\/","name":"-old-Societati comerciale: SRL\/ SPRL sau SA ? - Leuven Accountants","isPartOf":{"@id":"https:\/\/www.leuven-accountants.be\/#website"},"datePublished":"2018-10-25T12:57:16+00:00","dateModified":"2022-04-11T18:44:15+00:00","breadcrumb":{"@id":"https:\/\/www.leuven-accountants.be\/ro\/inregistrarea-unei-afaceri-in-belgia\/societati-comerciale-srl-sprl-sau-sa\/#breadcrumb"},"inLanguage":"ro-RO","potentialAction":[{"@type":"ReadAction","target":["https:\/\/www.leuven-accountants.be\/ro\/inregistrarea-unei-afaceri-in-belgia\/societati-comerciale-srl-sprl-sau-sa\/"]}]},{"@type":"BreadcrumbList","@id":"https:\/\/www.leuven-accountants.be\/ro\/inregistrarea-unei-afaceri-in-belgia\/societati-comerciale-srl-sprl-sau-sa\/#breadcrumb","itemListElement":[{"@type":"ListItem","position":1,"name":"Accueil","item":"https:\/\/www.leuven-accountants.be\/ro\/"},{"@type":"ListItem","position":2,"name":"INREGISTRAREA UNEI AFACERI IN BELGIA","item":"https:\/\/www.leuven-accountants.be\/ro\/inregistrarea-unei-afaceri-in-belgia\/"},{"@type":"ListItem","position":3,"name":"-old-Societati comerciale: SRL\/ SPRL sau SA ?"}]},{"@type":"WebSite","@id":"https:\/\/www.leuven-accountants.be\/#website","url":"https:\/\/www.leuven-accountants.be\/","name":"Leuven Accountants","description":"&lt;strong&gt;Leuven Accountants&lt;\/strong&gt; est une entreprise Internationale de comptabilit\u00e9 offrant \u00e0 ses clients une comptabilit\u00e9 appropri\u00e9e et une consultance optimis\u00e9e des imp\u00f4ts. Le cabinet est comp\u00e9tent au sein du contexte belge, pour les citoyens redevables de l\u2019imp\u00f4t belge. Nous sommes aussi reconnus en tant que guide fiable et compagnon pour les expatri\u00e9s qui ont besoin de constituer leur activit\u00e9, d&#039;en assurer la croissance et l\u2019organisation sur le territoire belge.","potentialAction":[{"@type":"SearchAction","target":{"@type":"EntryPoint","urlTemplate":"https:\/\/www.leuven-accountants.be\/?s={search_term_string}"},"query-input":{"@type":"PropertyValueSpecification","valueRequired":true,"valueName":"search_term_string"}}],"inLanguage":"ro-RO"}]}},"_links":{"self":[{"href":"https:\/\/www.leuven-accountants.be\/ro\/wp-json\/wp\/v2\/pages\/604","targetHints":{"allow":["GET"]}}],"collection":[{"href":"https:\/\/www.leuven-accountants.be\/ro\/wp-json\/wp\/v2\/pages"}],"about":[{"href":"https:\/\/www.leuven-accountants.be\/ro\/wp-json\/wp\/v2\/types\/page"}],"author":[{"embeddable":true,"href":"https:\/\/www.leuven-accountants.be\/ro\/wp-json\/wp\/v2\/users\/1"}],"replies":[{"embeddable":true,"href":"https:\/\/www.leuven-accountants.be\/ro\/wp-json\/wp\/v2\/comments?post=604"}],"version-history":[{"count":2,"href":"https:\/\/www.leuven-accountants.be\/ro\/wp-json\/wp\/v2\/pages\/604\/revisions"}],"predecessor-version":[{"id":2039,"href":"https:\/\/www.leuven-accountants.be\/ro\/wp-json\/wp\/v2\/pages\/604\/revisions\/2039"}],"up":[{"embeddable":true,"href":"https:\/\/www.leuven-accountants.be\/ro\/wp-json\/wp\/v2\/pages\/599"}],"wp:attachment":[{"href":"https:\/\/www.leuven-accountants.be\/ro\/wp-json\/wp\/v2\/media?parent=604"}],"curies":[{"name":"wp","href":"https:\/\/api.w.org\/{rel}","templated":true}]}}