{"id":490,"date":"2018-10-23T15:19:34","date_gmt":"2018-10-23T13:19:34","guid":{"rendered":"https:\/\/www.fidupress.be\/ba\/?page_id=490"},"modified":"2022-10-03T12:50:43","modified_gmt":"2022-10-03T10:50:43","slug":"itaa-bbb-hub","status":"publish","type":"page","link":"https:\/\/www.leuven-accountants.be\/ro\/itaa-bbb-hub\/","title":{"rendered":"ITAA \/ EPHEC"},"content":{"rendered":"\n<div style=\"height:11px\" aria-hidden=\"true\" class=\"wp-block-spacer\"><\/div>\n\n\n\n<h2 class=\"wp-block-heading\">ITAA<\/h2>\n\n\n\n<p>Since May 8th 2000, <strong>Ive Cleuren<\/strong> is member of the professional body of chartered accountants IAB-IEC under affiliation number 9091. <strong>BVBA Bussels Accountants<\/strong> as a legal entity is also recognised by the same institute under reference number 223981. That permit was granted June 6th 2011 shortly after the incorporation of the company.<\/p>\n\n\n\n<p>On link hereafter you can find more information about the institute of Belgian Chartered Accountants IAB- IEC of which Leuven Accountants is a licensed member as \u201cexpert comptable externe\u201d:<\/p>\n\n\n\n<p><a href=\"http:\/\/www.iec-iab.be\/\" target=\"_blank\" rel=\"noreferrer noopener\">http:\/\/www.iec-iab.be\/<\/a><\/p>\n\n\n\n<p><a href=\"https:\/\/www.brussels-accountants.be\/wp-content\/uploads\/2022\/10\/ITAA-Certificaat-Ive-Cleuren-1.pdf\" target=\"_blank\" rel=\"noreferrer noopener\">ITAA Certificate<\/a><\/p>\n\n\n\n<p><a href=\"https:\/\/www.brussels-accountants.be\/wp-content\/uploads\/2022\/10\/20201201-NL-OPL-ATT-GD-Ive-CLEUREN-v-2.0.pdf\" target=\"_blank\" rel=\"noreferrer noopener\">Legal Expert Certificate<\/a><\/p>\n\n\n\n<h2 class=\"wp-block-heading\">EPHEC<\/h2>\n\n\n\n<p>Permanent schooling and formation: Leuven Accountants has a standard subscription the seminars organized by EPHEC.<\/p>\n\n\n\n<p><a href=\"https:\/\/www.ephec.be\/formations\/les-rendez-vous-fiscaux\">https:\/\/www.ephec.be\/formations\/les-rendez-vous-fiscaux<\/a><\/p>\n","protected":false},"excerpt":{"rendered":"<p>ITAA Since May 8th 2000, Ive Cleuren is member of the professional body of chartered accountants IAB-IEC under affiliation number 9091. BVBA Bussels Accountants as a legal entity is also recognised by the same institute under reference number 223981. That permit was granted June 6th 2011 shortly after the incorporation of the company. On link [&hellip;]<\/p>\n","protected":false},"author":1,"featured_media":0,"parent":0,"menu_order":0,"comment_status":"closed","ping_status":"closed","template":"","meta":{"footnotes":""},"class_list":["post-490","page","type-page","status-publish","hentry"],"acf":[],"yoast_head":"<!-- This site is optimized with the Yoast SEO plugin v27.4 - https:\/\/yoast.com\/product\/yoast-seo-wordpress\/ -->\n<title>ITAA \/ EPHEC - Leuven Accountants<\/title>\n<meta name=\"robots\" content=\"index, follow, max-snippet:-1, max-image-preview:large, max-video-preview:-1\" \/>\n<link rel=\"canonical\" href=\"https:\/\/www.leuven-accountants.be\/ro\/itaa-bbb-hub\/\" \/>\n<meta property=\"og:locale\" content=\"ro_RO\" \/>\n<meta property=\"og:type\" content=\"article\" \/>\n<meta property=\"og:title\" content=\"ITAA \/ EPHEC - Leuven Accountants\" \/>\n<meta property=\"og:description\" content=\"ITAA Since May 8th 2000, Ive Cleuren is member of the professional body of chartered accountants IAB-IEC under affiliation number 9091. BVBA Bussels Accountants as a legal entity is also recognised by the same institute under reference number 223981. That permit was granted June 6th 2011 shortly after the incorporation of the company. On link [&hellip;]\" \/>\n<meta property=\"og:url\" content=\"https:\/\/www.leuven-accountants.be\/ro\/itaa-bbb-hub\/\" \/>\n<meta property=\"og:site_name\" content=\"Leuven Accountants\" \/>\n<meta property=\"article:modified_time\" content=\"2022-10-03T10:50:43+00:00\" \/>\n<meta name=\"twitter:card\" content=\"summary_large_image\" \/>\n<meta name=\"twitter:label1\" content=\"Est. reading time\" \/>\n\t<meta name=\"twitter:data1\" content=\"1 minute\" \/>\n<script type=\"application\/ld+json\" class=\"yoast-schema-graph\">{\"@context\":\"https:\\\/\\\/schema.org\",\"@graph\":[{\"@type\":\"WebPage\",\"@id\":\"https:\\\/\\\/www.leuven-accountants.be\\\/ro\\\/itaa-bbb-hub\\\/\",\"url\":\"https:\\\/\\\/www.leuven-accountants.be\\\/ro\\\/itaa-bbb-hub\\\/\",\"name\":\"ITAA \\\/ EPHEC - Leuven Accountants\",\"isPartOf\":{\"@id\":\"https:\\\/\\\/www.leuven-accountants.be\\\/#website\"},\"datePublished\":\"2018-10-23T13:19:34+00:00\",\"dateModified\":\"2022-10-03T10:50:43+00:00\",\"breadcrumb\":{\"@id\":\"https:\\\/\\\/www.leuven-accountants.be\\\/ro\\\/itaa-bbb-hub\\\/#breadcrumb\"},\"inLanguage\":\"ro-RO\",\"potentialAction\":[{\"@type\":\"ReadAction\",\"target\":[\"https:\\\/\\\/www.leuven-accountants.be\\\/ro\\\/itaa-bbb-hub\\\/\"]}]},{\"@type\":\"BreadcrumbList\",\"@id\":\"https:\\\/\\\/www.leuven-accountants.be\\\/ro\\\/itaa-bbb-hub\\\/#breadcrumb\",\"itemListElement\":[{\"@type\":\"ListItem\",\"position\":1,\"name\":\"Accueil\",\"item\":\"https:\\\/\\\/www.leuven-accountants.be\\\/ro\\\/\"},{\"@type\":\"ListItem\",\"position\":2,\"name\":\"ITAA \\\/ EPHEC\"}]},{\"@type\":\"WebSite\",\"@id\":\"https:\\\/\\\/www.leuven-accountants.be\\\/#website\",\"url\":\"https:\\\/\\\/www.leuven-accountants.be\\\/\",\"name\":\"Leuven Accountants\",\"description\":\"&lt;strong&gt;Leuven Accountants&lt;\\\/strong&gt; est une entreprise Internationale de comptabilit\u00e9 offrant \u00e0 ses clients une comptabilit\u00e9 appropri\u00e9e et une consultance optimis\u00e9e des imp\u00f4ts. Le cabinet est comp\u00e9tent au sein du contexte belge, pour les citoyens redevables de l\u2019imp\u00f4t belge. Nous sommes aussi reconnus en tant que guide fiable et compagnon pour les expatri\u00e9s qui ont besoin de constituer leur activit\u00e9, d&#039;en assurer la croissance et l\u2019organisation sur le territoire belge.\",\"potentialAction\":[{\"@type\":\"SearchAction\",\"target\":{\"@type\":\"EntryPoint\",\"urlTemplate\":\"https:\\\/\\\/www.leuven-accountants.be\\\/?s={search_term_string}\"},\"query-input\":{\"@type\":\"PropertyValueSpecification\",\"valueRequired\":true,\"valueName\":\"search_term_string\"}}],\"inLanguage\":\"ro-RO\"}]}<\/script>\n<!-- \/ Yoast SEO plugin. -->","yoast_head_json":{"title":"ITAA \/ EPHEC - Leuven Accountants","robots":{"index":"index","follow":"follow","max-snippet":"max-snippet:-1","max-image-preview":"max-image-preview:large","max-video-preview":"max-video-preview:-1"},"canonical":"https:\/\/www.leuven-accountants.be\/ro\/itaa-bbb-hub\/","og_locale":"ro_RO","og_type":"article","og_title":"ITAA \/ EPHEC - Leuven Accountants","og_description":"ITAA Since May 8th 2000, Ive Cleuren is member of the professional body of chartered accountants IAB-IEC under affiliation number 9091. BVBA Bussels Accountants as a legal entity is also recognised by the same institute under reference number 223981. That permit was granted June 6th 2011 shortly after the incorporation of the company. On link [&hellip;]","og_url":"https:\/\/www.leuven-accountants.be\/ro\/itaa-bbb-hub\/","og_site_name":"Leuven Accountants","article_modified_time":"2022-10-03T10:50:43+00:00","twitter_card":"summary_large_image","twitter_misc":{"Est. reading time":"1 minute"},"schema":{"@context":"https:\/\/schema.org","@graph":[{"@type":"WebPage","@id":"https:\/\/www.leuven-accountants.be\/ro\/itaa-bbb-hub\/","url":"https:\/\/www.leuven-accountants.be\/ro\/itaa-bbb-hub\/","name":"ITAA \/ EPHEC - Leuven Accountants","isPartOf":{"@id":"https:\/\/www.leuven-accountants.be\/#website"},"datePublished":"2018-10-23T13:19:34+00:00","dateModified":"2022-10-03T10:50:43+00:00","breadcrumb":{"@id":"https:\/\/www.leuven-accountants.be\/ro\/itaa-bbb-hub\/#breadcrumb"},"inLanguage":"ro-RO","potentialAction":[{"@type":"ReadAction","target":["https:\/\/www.leuven-accountants.be\/ro\/itaa-bbb-hub\/"]}]},{"@type":"BreadcrumbList","@id":"https:\/\/www.leuven-accountants.be\/ro\/itaa-bbb-hub\/#breadcrumb","itemListElement":[{"@type":"ListItem","position":1,"name":"Accueil","item":"https:\/\/www.leuven-accountants.be\/ro\/"},{"@type":"ListItem","position":2,"name":"ITAA \/ EPHEC"}]},{"@type":"WebSite","@id":"https:\/\/www.leuven-accountants.be\/#website","url":"https:\/\/www.leuven-accountants.be\/","name":"Leuven Accountants","description":"&lt;strong&gt;Leuven Accountants&lt;\/strong&gt; est une entreprise Internationale de comptabilit\u00e9 offrant \u00e0 ses clients une comptabilit\u00e9 appropri\u00e9e et une consultance optimis\u00e9e des imp\u00f4ts. Le cabinet est comp\u00e9tent au sein du contexte belge, pour les citoyens redevables de l\u2019imp\u00f4t belge. Nous sommes aussi reconnus en tant que guide fiable et compagnon pour les expatri\u00e9s qui ont besoin de constituer leur activit\u00e9, d&#039;en assurer la croissance et l\u2019organisation sur le territoire belge.","potentialAction":[{"@type":"SearchAction","target":{"@type":"EntryPoint","urlTemplate":"https:\/\/www.leuven-accountants.be\/?s={search_term_string}"},"query-input":{"@type":"PropertyValueSpecification","valueRequired":true,"valueName":"search_term_string"}}],"inLanguage":"ro-RO"}]}},"_links":{"self":[{"href":"https:\/\/www.leuven-accountants.be\/ro\/wp-json\/wp\/v2\/pages\/490","targetHints":{"allow":["GET"]}}],"collection":[{"href":"https:\/\/www.leuven-accountants.be\/ro\/wp-json\/wp\/v2\/pages"}],"about":[{"href":"https:\/\/www.leuven-accountants.be\/ro\/wp-json\/wp\/v2\/types\/page"}],"author":[{"embeddable":true,"href":"https:\/\/www.leuven-accountants.be\/ro\/wp-json\/wp\/v2\/users\/1"}],"replies":[{"embeddable":true,"href":"https:\/\/www.leuven-accountants.be\/ro\/wp-json\/wp\/v2\/comments?post=490"}],"version-history":[{"count":10,"href":"https:\/\/www.leuven-accountants.be\/ro\/wp-json\/wp\/v2\/pages\/490\/revisions"}],"predecessor-version":[{"id":2300,"href":"https:\/\/www.leuven-accountants.be\/ro\/wp-json\/wp\/v2\/pages\/490\/revisions\/2300"}],"wp:attachment":[{"href":"https:\/\/www.leuven-accountants.be\/ro\/wp-json\/wp\/v2\/media?parent=490"}],"curies":[{"name":"wp","href":"https:\/\/api.w.org\/{rel}","templated":true}]}}