{"id":3117,"date":"2025-11-02T17:27:44","date_gmt":"2025-11-02T16:27:44","guid":{"rendered":"https:\/\/www.leuven-accountants.be\/?page_id=3117"},"modified":"2025-11-02T17:30:57","modified_gmt":"2025-11-02T16:30:57","slug":"peppol","status":"publish","type":"page","link":"https:\/\/www.leuven-accountants.be\/nl\/diensten\/peppol\/","title":{"rendered":"Peppol"},"content":{"rendered":"\n<p id=\"block-ebdfbe79-6dfa-486b-a6e7-80154def59bb\">Het is met enige spanning dat wij meedelen dat Leuven Accountants vanaf februari<br>2026 zal overschakelen naar een nieuw boekhoudprogramma. Genaamd Horus<br>Software. Die nieuwe versie van boekhoudsysteem zal ons in staat stellen om mee te<br>surfen op de immer wijzigende golven en tendensen inzake technologie. Dit met het<br>oog op het verderzetten van een kwalitatieve dienstverlening. Waarbij de voordelen<br>van het diepgaander digitaliseren van facturen wordt toegepast in het voordeel van<br>onze cli\u00ebnten. Vanaf 2026 moeten facturen die ondernemers elkaar B2B versturen<br>passeren via het Peppol protocol. En om dat te kunnen doen hebben die<br>ondernemers en zelfstandigen een toegangspoort tot Peppol nodig. Wij stellen onze<br>cli\u00ebnten voor om Falco te gebruiken als digitaal access point voor Peppol.<br>Cli\u00ebnten die nog niet zo\u2019n toegangspoort tot Peppol hebben geactiveerd stellen wij<br>voor om (dringend) in contact te treden met onze collega Peter. Die gespecialiseerd<br>is in deze materie. Hij helpt u graag verder. En is bereikbaar via het email adres<br><a href=\"&#109;a&#x69;l&#x74;o&#x3a;&#112;&#x65;&#116;&#x65;&#114;&#64;&#x62;r&#x75;s&#x73;&#101;&#x6c;&#115;&#x2d;&#97;&#x63;&#99;o&#x75;n&#x74;a&#x6e;&#116;&#x73;&#46;&#x62;&#101;\">&#x70;&#x65;&#x74;&#x65;&#x72;&#x40;&#x62;&#x72;&#x75;&#x73;&#x73;&#x65;&#x6c;&#x73;&#x2d;&#x61;&#x63;&#x63;&#x6f;&#x75;&#x6e;&#x74;&#97;&#110;&#116;&#115;&#46;&#98;&#101;<\/a><br>De Peppol-applicatie is verplicht, er is geen ontkomen aan. Het kan a.h.w. doorgaan<br>voor de overheid. Maar de digitale toegangspoort tot Peppol is een vrije keuze. In<br>een concurrenti\u00eble markt. Desalniettemin verzoeken wij onze cli\u00ebnten om te willen<br>kiezen voor de applicatie Falco. Net omdat die online applicatie volledig ge\u00efntegreerd<br>is met ons nieuwe boekhoudprogramma Horus Software. En dit de meest ideale en<br>geautomatiseerde verwerking van documenten mogelijk zal maken.<br>Cli\u00ebnten die echter met Billit werken, zij hoeven zich geen zorgen te maken.<br>Vooralsnog vragen wij geen verandering. En zullen ervoor zorgen dat de<br>doorstroming van documenten verzekerd is.<br>Op een meer filosofische noot stellen wij ook vast dat de meningen over artifici\u00eble<br>intelligentie erg verdeeld zijn. Niet alle toepassingen ervan zullen even<br>mensvriendelijk zijn. Maar wanneer een boekhoudprogramma dankzij algoritmen and<\/p>\n\n\n\n<p id=\"block-ebdfbe79-6dfa-486b-a6e7-80154def59bb\">patroonherkenning voor ieder nieuw document onmiddellijk een passende boeking<br>voorstelt, dan is er alvast met die toepassing van de nieuwe technologie niets aan de<br>hand. En dient Leuven Accountants die technologie in het voordeel van iedereen<br>ook te implementeren. Zonder dit uit te stellen. Het is reeds vele jaren dat wordt<br>gezegd dat \u2018de computer de boekhoudkundige input zal verzorgen\u2019, maar in het jaar<br>2026 zal het door de veel meer gestructureerde digitalisering van facturen wel eens<br>zo ver kunnen gekomen zijn. Het zal moeten blijken. Hoe dan ook, een collega-<br>accountant zal steeds alles blijven monitoren.<br>Cli\u00ebnten die dit lezen, alvast hartelijk dank voor uw medewerking in dit verband.<br>Meer informatie met betrekking tot Falco kan gevonden worden op deze website:<br><a href=\"https:\/\/www.falco-app.be\/nl\/\">https:\/\/www.falco-app.be\/nl\/<\/a><br><\/p>\n\n\n\n<p id=\"block-ebdfbe79-6dfa-486b-a6e7-80154def59bb\"><strong>Leuven Accountants BV<\/strong><\/p>\n","protected":false},"excerpt":{"rendered":"<p>Het is met enige spanning dat wij meedelen dat Leuven Accountants vanaf februari2026 zal overschakelen naar een nieuw boekhoudprogramma. Genaamd HorusSoftware. Die nieuwe versie van boekhoudsysteem zal ons in staat stellen om mee tesurfen op de immer wijzigende golven en tendensen inzake technologie. Dit met hetoog op het verderzetten van een kwalitatieve dienstverlening. Waarbij de [&hellip;]<\/p>\n","protected":false},"author":2,"featured_media":3020,"parent":156,"menu_order":0,"comment_status":"closed","ping_status":"closed","template":"","meta":{"footnotes":""},"class_list":["post-3117","page","type-page","status-publish","has-post-thumbnail","hentry"],"acf":[],"yoast_head":"<!-- This site is optimized with the Yoast SEO plugin v27.5 - https:\/\/yoast.com\/product\/yoast-seo-wordpress\/ -->\n<title>Peppol - Leuven Accountants<\/title>\n<meta name=\"robots\" content=\"index, follow, max-snippet:-1, max-image-preview:large, max-video-preview:-1\" \/>\n<link rel=\"canonical\" href=\"https:\/\/www.leuven-accountants.be\/nl\/diensten\/peppol\/\" \/>\n<meta property=\"og:locale\" content=\"nl_NL\" \/>\n<meta property=\"og:type\" content=\"article\" \/>\n<meta property=\"og:title\" content=\"Peppol - Leuven Accountants\" \/>\n<meta property=\"og:description\" content=\"Het is met enige spanning dat wij meedelen dat Leuven Accountants vanaf februari2026 zal overschakelen naar een nieuw boekhoudprogramma. Genaamd HorusSoftware. Die nieuwe versie van boekhoudsysteem zal ons in staat stellen om mee tesurfen op de immer wijzigende golven en tendensen inzake technologie. Dit met hetoog op het verderzetten van een kwalitatieve dienstverlening. Waarbij de [&hellip;]\" \/>\n<meta property=\"og:url\" content=\"https:\/\/www.leuven-accountants.be\/nl\/diensten\/peppol\/\" \/>\n<meta property=\"og:site_name\" content=\"Leuven Accountants\" \/>\n<meta property=\"article:modified_time\" content=\"2025-11-02T16:30:57+00:00\" \/>\n<meta property=\"og:image\" content=\"https:\/\/www.leuven-accountants.be\/wp-content\/uploads\/2025\/11\/peter2.jpg\" \/>\n\t<meta property=\"og:image:width\" content=\"502\" \/>\n\t<meta property=\"og:image:height\" content=\"727\" \/>\n\t<meta property=\"og:image:type\" content=\"image\/jpeg\" \/>\n<meta name=\"twitter:card\" content=\"summary_large_image\" \/>\n<meta name=\"twitter:label1\" content=\"Est. reading time\" \/>\n\t<meta name=\"twitter:data1\" content=\"2 minutes\" \/>\n<script type=\"application\/ld+json\" class=\"yoast-schema-graph\">{\"@context\":\"https:\\\/\\\/schema.org\",\"@graph\":[{\"@type\":\"WebPage\",\"@id\":\"https:\\\/\\\/www.leuven-accountants.be\\\/nl\\\/diensten\\\/peppol\\\/\",\"url\":\"https:\\\/\\\/www.leuven-accountants.be\\\/nl\\\/diensten\\\/peppol\\\/\",\"name\":\"Peppol - Leuven Accountants\",\"isPartOf\":{\"@id\":\"https:\\\/\\\/www.leuven-accountants.be\\\/#website\"},\"primaryImageOfPage\":{\"@id\":\"https:\\\/\\\/www.leuven-accountants.be\\\/nl\\\/diensten\\\/peppol\\\/#primaryimage\"},\"image\":{\"@id\":\"https:\\\/\\\/www.leuven-accountants.be\\\/nl\\\/diensten\\\/peppol\\\/#primaryimage\"},\"thumbnailUrl\":\"https:\\\/\\\/www.leuven-accountants.be\\\/wp-content\\\/uploads\\\/2025\\\/11\\\/peter2.jpg\",\"datePublished\":\"2025-11-02T16:27:44+00:00\",\"dateModified\":\"2025-11-02T16:30:57+00:00\",\"breadcrumb\":{\"@id\":\"https:\\\/\\\/www.leuven-accountants.be\\\/nl\\\/diensten\\\/peppol\\\/#breadcrumb\"},\"inLanguage\":\"nl-NL\",\"potentialAction\":[{\"@type\":\"ReadAction\",\"target\":[\"https:\\\/\\\/www.leuven-accountants.be\\\/nl\\\/diensten\\\/peppol\\\/\"]}]},{\"@type\":\"ImageObject\",\"inLanguage\":\"nl-NL\",\"@id\":\"https:\\\/\\\/www.leuven-accountants.be\\\/nl\\\/diensten\\\/peppol\\\/#primaryimage\",\"url\":\"https:\\\/\\\/www.leuven-accountants.be\\\/wp-content\\\/uploads\\\/2025\\\/11\\\/peter2.jpg\",\"contentUrl\":\"https:\\\/\\\/www.leuven-accountants.be\\\/wp-content\\\/uploads\\\/2025\\\/11\\\/peter2.jpg\",\"width\":502,\"height\":727},{\"@type\":\"BreadcrumbList\",\"@id\":\"https:\\\/\\\/www.leuven-accountants.be\\\/nl\\\/diensten\\\/peppol\\\/#breadcrumb\",\"itemListElement\":[{\"@type\":\"ListItem\",\"position\":1,\"name\":\"Accueil\",\"item\":\"https:\\\/\\\/www.leuven-accountants.be\\\/nl\\\/\"},{\"@type\":\"ListItem\",\"position\":2,\"name\":\"Diensten\",\"item\":\"https:\\\/\\\/www.leuven-accountants.be\\\/nl\\\/\"},{\"@type\":\"ListItem\",\"position\":3,\"name\":\"Peppol\"}]},{\"@type\":\"WebSite\",\"@id\":\"https:\\\/\\\/www.leuven-accountants.be\\\/#website\",\"url\":\"https:\\\/\\\/www.leuven-accountants.be\\\/\",\"name\":\"Leuven Accountants\",\"description\":\"&lt;strong&gt;Leuven Accountants&lt;\\\/strong&gt; est une entreprise Internationale de comptabilit\u00e9 offrant \u00e0 ses clients une comptabilit\u00e9 appropri\u00e9e et une consultance optimis\u00e9e des imp\u00f4ts. Le cabinet est comp\u00e9tent au sein du contexte belge, pour les citoyens redevables de l\u2019imp\u00f4t belge. Nous sommes aussi reconnus en tant que guide fiable et compagnon pour les expatri\u00e9s qui ont besoin de constituer leur activit\u00e9, d&#039;en assurer la croissance et l\u2019organisation sur le territoire belge.\",\"potentialAction\":[{\"@type\":\"SearchAction\",\"target\":{\"@type\":\"EntryPoint\",\"urlTemplate\":\"https:\\\/\\\/www.leuven-accountants.be\\\/?s={search_term_string}\"},\"query-input\":{\"@type\":\"PropertyValueSpecification\",\"valueRequired\":true,\"valueName\":\"search_term_string\"}}],\"inLanguage\":\"nl-NL\"}]}<\/script>\n<!-- \/ Yoast SEO plugin. -->","yoast_head_json":{"title":"Peppol - Leuven Accountants","robots":{"index":"index","follow":"follow","max-snippet":"max-snippet:-1","max-image-preview":"max-image-preview:large","max-video-preview":"max-video-preview:-1"},"canonical":"https:\/\/www.leuven-accountants.be\/nl\/diensten\/peppol\/","og_locale":"nl_NL","og_type":"article","og_title":"Peppol - Leuven Accountants","og_description":"Het is met enige spanning dat wij meedelen dat Leuven Accountants vanaf februari2026 zal overschakelen naar een nieuw boekhoudprogramma. Genaamd HorusSoftware. Die nieuwe versie van boekhoudsysteem zal ons in staat stellen om mee tesurfen op de immer wijzigende golven en tendensen inzake technologie. Dit met hetoog op het verderzetten van een kwalitatieve dienstverlening. Waarbij de [&hellip;]","og_url":"https:\/\/www.leuven-accountants.be\/nl\/diensten\/peppol\/","og_site_name":"Leuven Accountants","article_modified_time":"2025-11-02T16:30:57+00:00","og_image":[{"width":502,"height":727,"url":"https:\/\/www.leuven-accountants.be\/wp-content\/uploads\/2025\/11\/peter2.jpg","type":"image\/jpeg"}],"twitter_card":"summary_large_image","twitter_misc":{"Est. reading time":"2 minutes"},"schema":{"@context":"https:\/\/schema.org","@graph":[{"@type":"WebPage","@id":"https:\/\/www.leuven-accountants.be\/nl\/diensten\/peppol\/","url":"https:\/\/www.leuven-accountants.be\/nl\/diensten\/peppol\/","name":"Peppol - Leuven Accountants","isPartOf":{"@id":"https:\/\/www.leuven-accountants.be\/#website"},"primaryImageOfPage":{"@id":"https:\/\/www.leuven-accountants.be\/nl\/diensten\/peppol\/#primaryimage"},"image":{"@id":"https:\/\/www.leuven-accountants.be\/nl\/diensten\/peppol\/#primaryimage"},"thumbnailUrl":"https:\/\/www.leuven-accountants.be\/wp-content\/uploads\/2025\/11\/peter2.jpg","datePublished":"2025-11-02T16:27:44+00:00","dateModified":"2025-11-02T16:30:57+00:00","breadcrumb":{"@id":"https:\/\/www.leuven-accountants.be\/nl\/diensten\/peppol\/#breadcrumb"},"inLanguage":"nl-NL","potentialAction":[{"@type":"ReadAction","target":["https:\/\/www.leuven-accountants.be\/nl\/diensten\/peppol\/"]}]},{"@type":"ImageObject","inLanguage":"nl-NL","@id":"https:\/\/www.leuven-accountants.be\/nl\/diensten\/peppol\/#primaryimage","url":"https:\/\/www.leuven-accountants.be\/wp-content\/uploads\/2025\/11\/peter2.jpg","contentUrl":"https:\/\/www.leuven-accountants.be\/wp-content\/uploads\/2025\/11\/peter2.jpg","width":502,"height":727},{"@type":"BreadcrumbList","@id":"https:\/\/www.leuven-accountants.be\/nl\/diensten\/peppol\/#breadcrumb","itemListElement":[{"@type":"ListItem","position":1,"name":"Accueil","item":"https:\/\/www.leuven-accountants.be\/nl\/"},{"@type":"ListItem","position":2,"name":"Diensten","item":"https:\/\/www.leuven-accountants.be\/nl\/"},{"@type":"ListItem","position":3,"name":"Peppol"}]},{"@type":"WebSite","@id":"https:\/\/www.leuven-accountants.be\/#website","url":"https:\/\/www.leuven-accountants.be\/","name":"Leuven Accountants","description":"&lt;strong&gt;Leuven Accountants&lt;\/strong&gt; est une entreprise Internationale de comptabilit\u00e9 offrant \u00e0 ses clients une comptabilit\u00e9 appropri\u00e9e et une consultance optimis\u00e9e des imp\u00f4ts. Le cabinet est comp\u00e9tent au sein du contexte belge, pour les citoyens redevables de l\u2019imp\u00f4t belge. Nous sommes aussi reconnus en tant que guide fiable et compagnon pour les expatri\u00e9s qui ont besoin de constituer leur activit\u00e9, d&#039;en assurer la croissance et l\u2019organisation sur le territoire belge.","potentialAction":[{"@type":"SearchAction","target":{"@type":"EntryPoint","urlTemplate":"https:\/\/www.leuven-accountants.be\/?s={search_term_string}"},"query-input":{"@type":"PropertyValueSpecification","valueRequired":true,"valueName":"search_term_string"}}],"inLanguage":"nl-NL"}]}},"_links":{"self":[{"href":"https:\/\/www.leuven-accountants.be\/nl\/wp-json\/wp\/v2\/pages\/3117","targetHints":{"allow":["GET"]}}],"collection":[{"href":"https:\/\/www.leuven-accountants.be\/nl\/wp-json\/wp\/v2\/pages"}],"about":[{"href":"https:\/\/www.leuven-accountants.be\/nl\/wp-json\/wp\/v2\/types\/page"}],"author":[{"embeddable":true,"href":"https:\/\/www.leuven-accountants.be\/nl\/wp-json\/wp\/v2\/users\/2"}],"replies":[{"embeddable":true,"href":"https:\/\/www.leuven-accountants.be\/nl\/wp-json\/wp\/v2\/comments?post=3117"}],"version-history":[{"count":4,"href":"https:\/\/www.leuven-accountants.be\/nl\/wp-json\/wp\/v2\/pages\/3117\/revisions"}],"predecessor-version":[{"id":3123,"href":"https:\/\/www.leuven-accountants.be\/nl\/wp-json\/wp\/v2\/pages\/3117\/revisions\/3123"}],"up":[{"embeddable":true,"href":"https:\/\/www.leuven-accountants.be\/nl\/wp-json\/wp\/v2\/pages\/156"}],"wp:featuredmedia":[{"embeddable":true,"href":"https:\/\/www.leuven-accountants.be\/nl\/wp-json\/wp\/v2\/media\/3020"}],"wp:attachment":[{"href":"https:\/\/www.leuven-accountants.be\/nl\/wp-json\/wp\/v2\/media?parent=3117"}],"curies":[{"name":"wp","href":"https:\/\/api.w.org\/{rel}","templated":true}]}}