{"id":302,"date":"2018-10-23T16:11:17","date_gmt":"2018-10-23T14:11:17","guid":{"rendered":"https:\/\/www.fidupress.be\/ba\/?page_id=302"},"modified":"2022-04-11T20:44:04","modified_gmt":"2022-04-11T18:44:04","slug":"oprichting-van-vennootschap-bvba-of-nv","status":"publish","type":"page","link":"https:\/\/www.leuven-accountants.be\/nl\/opstart-van-een-nieuwe-economische-activiteit\/oprichting-van-vennootschap-bvba-of-nv\/","title":{"rendered":"-old-Oprichting van vennootschap: BVBA of NV?"},"content":{"rendered":"\n<p>In geval van oprichting van vennootschap (in sommige gevallen dient eerst de overweging te worden gemaakt of dit wenselijk is), stelt zich de vraag naar de gewenste vennootschapsvorm. Sommige vennootschappen hebben een aansprakelijkheid die zich beperkt tot het statutaire kapitaal, bij andere vennootschappen is die aansprakelijkheid onbeperkt en in enkele gevallen kan de aansprakelijkheid al dan niet worden beperkt naargelang het respectievelijk gaat over passieve of actieve aandeelhouders. In algemene termen mag met stellen dat het oprichten van een vennootschap met beperkte aansprakelijkheid meer formaliteiten met zich mee brengt, vermits<\/p>\n\n\n\n<ul class=\"wp-block-list\"><li>Er de tussenkomst is van een notariskantoor die de oprichtingsacte officieel verlijdt en<\/li><li>Het volstorten van het kapitaal via de interventie van een bankinstelling moet bevestigd worden.<\/li><\/ul>\n\n\n\n<p><strong>Twee&nbsp;&nbsp;courante types van vennootschappen met beperkte aansprakelijkheid:<\/strong><\/p>\n\n\n\n<p>Vaak wordt gekozen voor vennootschappen met beperkte aansprakelijkheid van de aandeelhouders en doorgaans is het ofwel een BVBA of een NV waarvoor gekozen wordt.<\/p>\n\n\n\n<p>Een BVBA (besloten vennootschap met beperkte aansprakelijkheid) kan perfect worden opgericht door 1 persoon, maar dan moet die persoon wel een fysiek (natuurlijk) persoon zijn, dus niet een andere vennootschap. Een BVBA waarvan de enige aandeelhouder een andere rechtspersoon is, heeft geen beperkte aansprakelijkheid meer. Eveneens volstaat het om 1 zaakvoerder te hebben. Meerdere mag natuurlijk ook. Het is niet noodzakelijk hiervoor Belgisch verblijfhouder te zijn. Een NV (naamloze vennootschap) moet minstens 2 aandeelhouders hebben en minstens 3 bestuurders, hoewel 2 bestuurders toegestaan is indien en zolang er slechts 2 aandeelhouders zijn.<\/p>\n\n\n\n<p>Het kapitaal van een BVBA bedraagt minstens 18.550 euro waarvan bij oprichting van de vennootschap minimaal 6.200 euro moet worden volstort (bankattest is noodzakelijk). Evenwel, indien de BVBA slechts 1 aandeelhourder heeft, dan beloopt het minimum kapitaal dat volstort moet worden v\u00f3\u00f3r de notari\u00eble acte van oprichting het dubbele, ttz 12.400 euro. Er is geen wettelijke termijn om het restant te volstorten. Het minimum kapitaal van een NV is 61.500 euro en het is integraal te betalen bij de oprichting van de vennootschap. Indien het statutair geplaatst kapitaal hoger is dan 61.500 euro dan moet het minimaal gestorte kapitaal 25% bedragen, met steeds het nominale minimum van 61.500 euro. Ieder nog openstaande kapitaal (id est verschil tussen officieel geplaatst\/onderschreven en gestort kapitaal) blijft een hoofdelijke en onbeperkte aansprakelijkheid van iedere individuele aandeelhouder.<\/p>\n\n\n\n<p>De boekhoudkundige verplichtingen zijn zeer gelijklopend voor beide vennootschapsvormen, inclusief de jaarlijke neerlegging van gestandardiseerde rekeningen ten aanzien van de balanscentrale van de Nationale Bank van Belgi\u00eb. Onderdeel hiervan is het jaarverslag van het bestuur en mogelijks ook het controleverslag van de revisor (indien die is aangesteld, zij het wettelijk verplicht gezien de omvang van de onderneming, zij het facultatief).<\/p>\n\n\n\n<h2 class=\"wp-block-heading\">Betaling van het kapitaal van de vennootschap<\/h2>\n\n\n\n<p>De toekomstige aandeelhouder van de vennootschap (BVBA of NV) dient bij een bankinstelling een geblokkeerde bankrekening aan te vragen en hierop het minimaal te volstorten kapitaal storten. De bankinstelling maakt vervolgens een bankattest op ter bevestiging van het gestorte kapitaal, hetgeen voor de notaris een voorwaarde is om de oprichtingsacte van de vennootschap te ondertekenen. Eens de vennootschap is opgericht stelt de notaris een verklaring op die de bankinstelling toelaat het kapitaal vrij te geven, met andere woorden om de geblokkeerde bankrekening om te zetten in een gewone zichtrekening.<\/p>\n\n\n\n<p>Het is ook mogelijk om het kapitaal van een vennootschap te volstorten door het inbrengen van waardevolle goederen, zij het materieel (bv computers en meubilair), zij het immaterieel (bv cli\u00ebnteel, patent, licensie, etc). Een bedrijfsrevisor moet desgevallend de waardering van de activa attesteren. Het bestuur moet eveneens een rapport opstellen waarbij het de toegevoegde waarde en het nut van de goederen voor de vennootschap uiteenzet en verantwoording geeft voor iedere mogelijke afwijking tussen eigen waardering en de waarde die door de auditor is bevestigd. Beide rapporten worden neergelegd ter griffie van de locale Rechtbank van Koophandel.<\/p>\n","protected":false},"excerpt":{"rendered":"<p>In geval van oprichting van vennootschap (in sommige gevallen dient eerst de overweging te worden gemaakt of dit wenselijk is), stelt zich de vraag naar de gewenste vennootschapsvorm. Sommige vennootschappen hebben een aansprakelijkheid die zich beperkt tot het statutaire kapitaal, bij andere vennootschappen is die aansprakelijkheid onbeperkt en in enkele gevallen kan de aansprakelijkheid al [&hellip;]<\/p>\n","protected":false},"author":1,"featured_media":0,"parent":289,"menu_order":0,"comment_status":"closed","ping_status":"closed","template":"","meta":{"footnotes":""},"class_list":["post-302","page","type-page","status-publish","hentry"],"acf":[],"yoast_head":"<!-- This site is optimized with the Yoast SEO plugin v27.6 - https:\/\/yoast.com\/product\/yoast-seo-wordpress\/ -->\n<title>-old-Oprichting van vennootschap: BVBA of NV? - Leuven Accountants<\/title>\n<meta name=\"robots\" content=\"index, follow, max-snippet:-1, max-image-preview:large, max-video-preview:-1\" \/>\n<link rel=\"canonical\" href=\"https:\/\/www.leuven-accountants.be\/nl\/opstart-van-een-nieuwe-economische-activiteit\/oprichting-van-vennootschap-bvba-of-nv\/\" \/>\n<meta property=\"og:locale\" content=\"nl_NL\" \/>\n<meta property=\"og:type\" content=\"article\" \/>\n<meta property=\"og:title\" content=\"-old-Oprichting van vennootschap: BVBA of NV? - Leuven Accountants\" \/>\n<meta property=\"og:description\" content=\"In geval van oprichting van vennootschap (in sommige gevallen dient eerst de overweging te worden gemaakt of dit wenselijk is), stelt zich de vraag naar de gewenste vennootschapsvorm. Sommige vennootschappen hebben een aansprakelijkheid die zich beperkt tot het statutaire kapitaal, bij andere vennootschappen is die aansprakelijkheid onbeperkt en in enkele gevallen kan de aansprakelijkheid al [&hellip;]\" \/>\n<meta property=\"og:url\" content=\"https:\/\/www.leuven-accountants.be\/nl\/opstart-van-een-nieuwe-economische-activiteit\/oprichting-van-vennootschap-bvba-of-nv\/\" \/>\n<meta property=\"og:site_name\" content=\"Leuven Accountants\" \/>\n<meta property=\"article:modified_time\" content=\"2022-04-11T18:44:04+00:00\" \/>\n<meta name=\"twitter:card\" content=\"summary_large_image\" \/>\n<meta name=\"twitter:label1\" content=\"Est. reading time\" \/>\n\t<meta name=\"twitter:data1\" content=\"3 minutes\" \/>\n<script type=\"application\/ld+json\" class=\"yoast-schema-graph\">{\"@context\":\"https:\\\/\\\/schema.org\",\"@graph\":[{\"@type\":\"WebPage\",\"@id\":\"https:\\\/\\\/www.leuven-accountants.be\\\/nl\\\/opstart-van-een-nieuwe-economische-activiteit\\\/oprichting-van-vennootschap-bvba-of-nv\\\/\",\"url\":\"https:\\\/\\\/www.leuven-accountants.be\\\/nl\\\/opstart-van-een-nieuwe-economische-activiteit\\\/oprichting-van-vennootschap-bvba-of-nv\\\/\",\"name\":\"-old-Oprichting van vennootschap: BVBA of NV? - Leuven Accountants\",\"isPartOf\":{\"@id\":\"https:\\\/\\\/www.leuven-accountants.be\\\/#website\"},\"datePublished\":\"2018-10-23T14:11:17+00:00\",\"dateModified\":\"2022-04-11T18:44:04+00:00\",\"breadcrumb\":{\"@id\":\"https:\\\/\\\/www.leuven-accountants.be\\\/nl\\\/opstart-van-een-nieuwe-economische-activiteit\\\/oprichting-van-vennootschap-bvba-of-nv\\\/#breadcrumb\"},\"inLanguage\":\"nl-NL\",\"potentialAction\":[{\"@type\":\"ReadAction\",\"target\":[\"https:\\\/\\\/www.leuven-accountants.be\\\/nl\\\/opstart-van-een-nieuwe-economische-activiteit\\\/oprichting-van-vennootschap-bvba-of-nv\\\/\"]}]},{\"@type\":\"BreadcrumbList\",\"@id\":\"https:\\\/\\\/www.leuven-accountants.be\\\/nl\\\/opstart-van-een-nieuwe-economische-activiteit\\\/oprichting-van-vennootschap-bvba-of-nv\\\/#breadcrumb\",\"itemListElement\":[{\"@type\":\"ListItem\",\"position\":1,\"name\":\"Accueil\",\"item\":\"https:\\\/\\\/www.leuven-accountants.be\\\/nl\\\/\"},{\"@type\":\"ListItem\",\"position\":2,\"name\":\"Opstart van een nieuwe economische activiteit\",\"item\":\"https:\\\/\\\/www.leuven-accountants.be\\\/nl\\\/opstart-van-een-nieuwe-economische-activiteit\\\/\"},{\"@type\":\"ListItem\",\"position\":3,\"name\":\"-old-Oprichting van vennootschap: BVBA of NV?\"}]},{\"@type\":\"WebSite\",\"@id\":\"https:\\\/\\\/www.leuven-accountants.be\\\/#website\",\"url\":\"https:\\\/\\\/www.leuven-accountants.be\\\/\",\"name\":\"Leuven Accountants\",\"description\":\"&lt;strong&gt;Leuven Accountants&lt;\\\/strong&gt; est une entreprise Internationale de comptabilit\u00e9 offrant \u00e0 ses clients une comptabilit\u00e9 appropri\u00e9e et une consultance optimis\u00e9e des imp\u00f4ts. Le cabinet est comp\u00e9tent au sein du contexte belge, pour les citoyens redevables de l\u2019imp\u00f4t belge. Nous sommes aussi reconnus en tant que guide fiable et compagnon pour les expatri\u00e9s qui ont besoin de constituer leur activit\u00e9, d&#039;en assurer la croissance et l\u2019organisation sur le territoire belge.\",\"potentialAction\":[{\"@type\":\"SearchAction\",\"target\":{\"@type\":\"EntryPoint\",\"urlTemplate\":\"https:\\\/\\\/www.leuven-accountants.be\\\/?s={search_term_string}\"},\"query-input\":{\"@type\":\"PropertyValueSpecification\",\"valueRequired\":true,\"valueName\":\"search_term_string\"}}],\"inLanguage\":\"nl-NL\"}]}<\/script>\n<!-- \/ Yoast SEO plugin. -->","yoast_head_json":{"title":"-old-Oprichting van vennootschap: BVBA of NV? - Leuven Accountants","robots":{"index":"index","follow":"follow","max-snippet":"max-snippet:-1","max-image-preview":"max-image-preview:large","max-video-preview":"max-video-preview:-1"},"canonical":"https:\/\/www.leuven-accountants.be\/nl\/opstart-van-een-nieuwe-economische-activiteit\/oprichting-van-vennootschap-bvba-of-nv\/","og_locale":"nl_NL","og_type":"article","og_title":"-old-Oprichting van vennootschap: BVBA of NV? - Leuven Accountants","og_description":"In geval van oprichting van vennootschap (in sommige gevallen dient eerst de overweging te worden gemaakt of dit wenselijk is), stelt zich de vraag naar de gewenste vennootschapsvorm. Sommige vennootschappen hebben een aansprakelijkheid die zich beperkt tot het statutaire kapitaal, bij andere vennootschappen is die aansprakelijkheid onbeperkt en in enkele gevallen kan de aansprakelijkheid al [&hellip;]","og_url":"https:\/\/www.leuven-accountants.be\/nl\/opstart-van-een-nieuwe-economische-activiteit\/oprichting-van-vennootschap-bvba-of-nv\/","og_site_name":"Leuven Accountants","article_modified_time":"2022-04-11T18:44:04+00:00","twitter_card":"summary_large_image","twitter_misc":{"Est. reading time":"3 minutes"},"schema":{"@context":"https:\/\/schema.org","@graph":[{"@type":"WebPage","@id":"https:\/\/www.leuven-accountants.be\/nl\/opstart-van-een-nieuwe-economische-activiteit\/oprichting-van-vennootschap-bvba-of-nv\/","url":"https:\/\/www.leuven-accountants.be\/nl\/opstart-van-een-nieuwe-economische-activiteit\/oprichting-van-vennootschap-bvba-of-nv\/","name":"-old-Oprichting van vennootschap: BVBA of NV? - Leuven Accountants","isPartOf":{"@id":"https:\/\/www.leuven-accountants.be\/#website"},"datePublished":"2018-10-23T14:11:17+00:00","dateModified":"2022-04-11T18:44:04+00:00","breadcrumb":{"@id":"https:\/\/www.leuven-accountants.be\/nl\/opstart-van-een-nieuwe-economische-activiteit\/oprichting-van-vennootschap-bvba-of-nv\/#breadcrumb"},"inLanguage":"nl-NL","potentialAction":[{"@type":"ReadAction","target":["https:\/\/www.leuven-accountants.be\/nl\/opstart-van-een-nieuwe-economische-activiteit\/oprichting-van-vennootschap-bvba-of-nv\/"]}]},{"@type":"BreadcrumbList","@id":"https:\/\/www.leuven-accountants.be\/nl\/opstart-van-een-nieuwe-economische-activiteit\/oprichting-van-vennootschap-bvba-of-nv\/#breadcrumb","itemListElement":[{"@type":"ListItem","position":1,"name":"Accueil","item":"https:\/\/www.leuven-accountants.be\/nl\/"},{"@type":"ListItem","position":2,"name":"Opstart van een nieuwe economische activiteit","item":"https:\/\/www.leuven-accountants.be\/nl\/opstart-van-een-nieuwe-economische-activiteit\/"},{"@type":"ListItem","position":3,"name":"-old-Oprichting van vennootschap: BVBA of NV?"}]},{"@type":"WebSite","@id":"https:\/\/www.leuven-accountants.be\/#website","url":"https:\/\/www.leuven-accountants.be\/","name":"Leuven Accountants","description":"&lt;strong&gt;Leuven Accountants&lt;\/strong&gt; est une entreprise Internationale de comptabilit\u00e9 offrant \u00e0 ses clients une comptabilit\u00e9 appropri\u00e9e et une consultance optimis\u00e9e des imp\u00f4ts. Le cabinet est comp\u00e9tent au sein du contexte belge, pour les citoyens redevables de l\u2019imp\u00f4t belge. Nous sommes aussi reconnus en tant que guide fiable et compagnon pour les expatri\u00e9s qui ont besoin de constituer leur activit\u00e9, d&#039;en assurer la croissance et l\u2019organisation sur le territoire belge.","potentialAction":[{"@type":"SearchAction","target":{"@type":"EntryPoint","urlTemplate":"https:\/\/www.leuven-accountants.be\/?s={search_term_string}"},"query-input":{"@type":"PropertyValueSpecification","valueRequired":true,"valueName":"search_term_string"}}],"inLanguage":"nl-NL"}]}},"_links":{"self":[{"href":"https:\/\/www.leuven-accountants.be\/nl\/wp-json\/wp\/v2\/pages\/302","targetHints":{"allow":["GET"]}}],"collection":[{"href":"https:\/\/www.leuven-accountants.be\/nl\/wp-json\/wp\/v2\/pages"}],"about":[{"href":"https:\/\/www.leuven-accountants.be\/nl\/wp-json\/wp\/v2\/types\/page"}],"author":[{"embeddable":true,"href":"https:\/\/www.leuven-accountants.be\/nl\/wp-json\/wp\/v2\/users\/1"}],"replies":[{"embeddable":true,"href":"https:\/\/www.leuven-accountants.be\/nl\/wp-json\/wp\/v2\/comments?post=302"}],"version-history":[{"count":2,"href":"https:\/\/www.leuven-accountants.be\/nl\/wp-json\/wp\/v2\/pages\/302\/revisions"}],"predecessor-version":[{"id":2037,"href":"https:\/\/www.leuven-accountants.be\/nl\/wp-json\/wp\/v2\/pages\/302\/revisions\/2037"}],"up":[{"embeddable":true,"href":"https:\/\/www.leuven-accountants.be\/nl\/wp-json\/wp\/v2\/pages\/289"}],"wp:attachment":[{"href":"https:\/\/www.leuven-accountants.be\/nl\/wp-json\/wp\/v2\/media?parent=302"}],"curies":[{"name":"wp","href":"https:\/\/api.w.org\/{rel}","templated":true}]}}