{"id":156,"date":"2018-10-23T11:03:19","date_gmt":"2018-10-23T09:03:19","guid":{"rendered":"https:\/\/www.fidupress.be\/ba\/?page_id=156"},"modified":"2025-11-01T20:45:14","modified_gmt":"2025-11-01T19:45:14","slug":"diensten","status":"publish","type":"page","link":"https:\/\/www.leuven-accountants.be\/nl\/","title":{"rendered":"Diensten"},"content":{"rendered":"\n<p><strong>Leuven Accountants<\/strong> is een internationaal geori\u00ebnteerd accountantskantoor dat dienstverlening aanbiedt op maat van de cli\u00ebnt wat betreft boekhoudkundige rapportering en geoptimaliseerd belastingadvies. Het kantoor biedt zijn diensten aan binnen een louter Belgische context en dus uiteraard ook aan een Belgisch cli\u00ebnteel, maar specialiseert zich in de opstart en begeleiding van economische activiteiten die buitenlanders wensen aan te vatten in Belgi\u00eb.<\/p>\n\n\n\n<p><strong>Leuven Accountants<\/strong> heeft een team van professionals, werkt voor een 225-tal klanten en wordt occasioneel bijgestaan door vakbekwame stagiairs of ervaren onderaannemers.<\/p>\n\n\n\n<ul class=\"wp-block-list\">\n<li>Leuven Accountants voor <a href=\"\/nl\/diensten\/zelfstandigen-en-vennootschappen\/\">Zelfstandigen en vennootschappen<\/a><\/li>\n\n\n\n<li>Leuven Accountants voor <a href=\"\/nl\/diensten\/verenigingen-zonder-winstoogmerk\/\">Verenigingen zonder winstoogmerk<\/a><\/li>\n\n\n\n<li>Leuven Accountants voor <a href=\"\/nl\/diensten\/expatriates\/\">Expatriates<\/a><\/li>\n\n\n\n<li>Leuven Accountants voor <a href=\"\/nl\/diensten\/peppol\/\">PEPPOL<\/a><br><br><\/li>\n<\/ul>\n","protected":false},"excerpt":{"rendered":"<p>Leuven Accountants is een internationaal geori\u00ebnteerd accountantskantoor dat dienstverlening aanbiedt op maat van de cli\u00ebnt wat betreft boekhoudkundige rapportering en geoptimaliseerd belastingadvies. Het kantoor biedt zijn diensten aan binnen een louter Belgische context en dus uiteraard ook aan een Belgisch cli\u00ebnteel, maar specialiseert zich in de opstart en begeleiding van economische activiteiten die buitenlanders wensen [&hellip;]<\/p>\n","protected":false},"author":1,"featured_media":0,"parent":0,"menu_order":0,"comment_status":"closed","ping_status":"closed","template":"","meta":{"footnotes":""},"class_list":["post-156","page","type-page","status-publish","hentry"],"acf":[],"yoast_head":"<!-- This site is optimized with the Yoast SEO plugin v27.5 - https:\/\/yoast.com\/product\/yoast-seo-wordpress\/ -->\n<title>Diensten - Leuven Accountants<\/title>\n<meta name=\"robots\" content=\"index, follow, max-snippet:-1, max-image-preview:large, max-video-preview:-1\" \/>\n<link rel=\"canonical\" href=\"https:\/\/www.leuven-accountants.be\/nl\/\" \/>\n<meta property=\"og:locale\" content=\"nl_NL\" \/>\n<meta property=\"og:type\" content=\"article\" \/>\n<meta property=\"og:title\" content=\"Diensten - Leuven Accountants\" \/>\n<meta property=\"og:description\" content=\"Leuven Accountants is een internationaal geori\u00ebnteerd accountantskantoor dat dienstverlening aanbiedt op maat van de cli\u00ebnt wat betreft boekhoudkundige rapportering en geoptimaliseerd belastingadvies. Het kantoor biedt zijn diensten aan binnen een louter Belgische context en dus uiteraard ook aan een Belgisch cli\u00ebnteel, maar specialiseert zich in de opstart en begeleiding van economische activiteiten die buitenlanders wensen [&hellip;]\" \/>\n<meta property=\"og:url\" content=\"https:\/\/www.leuven-accountants.be\/nl\/\" \/>\n<meta property=\"og:site_name\" content=\"Leuven Accountants\" \/>\n<meta property=\"article:modified_time\" content=\"2025-11-01T19:45:14+00:00\" \/>\n<meta name=\"twitter:card\" content=\"summary_large_image\" \/>\n<meta name=\"twitter:label1\" content=\"Est. reading time\" \/>\n\t<meta name=\"twitter:data1\" content=\"1 minute\" \/>\n<script type=\"application\/ld+json\" class=\"yoast-schema-graph\">{\"@context\":\"https:\\\/\\\/schema.org\",\"@graph\":[{\"@type\":\"WebPage\",\"@id\":\"https:\\\/\\\/www.leuven-accountants.be\\\/nl\\\/\",\"url\":\"https:\\\/\\\/www.leuven-accountants.be\\\/nl\\\/\",\"name\":\"Diensten - Leuven Accountants\",\"isPartOf\":{\"@id\":\"https:\\\/\\\/www.leuven-accountants.be\\\/#website\"},\"datePublished\":\"2018-10-23T09:03:19+00:00\",\"dateModified\":\"2025-11-01T19:45:14+00:00\",\"breadcrumb\":{\"@id\":\"https:\\\/\\\/www.leuven-accountants.be\\\/nl\\\/#breadcrumb\"},\"inLanguage\":\"nl-NL\",\"potentialAction\":[{\"@type\":\"ReadAction\",\"target\":[\"https:\\\/\\\/www.leuven-accountants.be\\\/nl\\\/\"]}]},{\"@type\":\"BreadcrumbList\",\"@id\":\"https:\\\/\\\/www.leuven-accountants.be\\\/nl\\\/#breadcrumb\",\"itemListElement\":[{\"@type\":\"ListItem\",\"position\":1,\"name\":\"Accueil\",\"item\":\"https:\\\/\\\/www.leuven-accountants.be\\\/nl\\\/\"},{\"@type\":\"ListItem\",\"position\":2,\"name\":\"Diensten\"}]},{\"@type\":\"WebSite\",\"@id\":\"https:\\\/\\\/www.leuven-accountants.be\\\/#website\",\"url\":\"https:\\\/\\\/www.leuven-accountants.be\\\/\",\"name\":\"Leuven Accountants\",\"description\":\"&lt;strong&gt;Leuven Accountants&lt;\\\/strong&gt; est une entreprise Internationale de comptabilit\u00e9 offrant \u00e0 ses clients une comptabilit\u00e9 appropri\u00e9e et une consultance optimis\u00e9e des imp\u00f4ts. Le cabinet est comp\u00e9tent au sein du contexte belge, pour les citoyens redevables de l\u2019imp\u00f4t belge. Nous sommes aussi reconnus en tant que guide fiable et compagnon pour les expatri\u00e9s qui ont besoin de constituer leur activit\u00e9, d&#039;en assurer la croissance et l\u2019organisation sur le territoire belge.\",\"potentialAction\":[{\"@type\":\"SearchAction\",\"target\":{\"@type\":\"EntryPoint\",\"urlTemplate\":\"https:\\\/\\\/www.leuven-accountants.be\\\/?s={search_term_string}\"},\"query-input\":{\"@type\":\"PropertyValueSpecification\",\"valueRequired\":true,\"valueName\":\"search_term_string\"}}],\"inLanguage\":\"nl-NL\"}]}<\/script>\n<!-- \/ Yoast SEO plugin. -->","yoast_head_json":{"title":"Diensten - Leuven Accountants","robots":{"index":"index","follow":"follow","max-snippet":"max-snippet:-1","max-image-preview":"max-image-preview:large","max-video-preview":"max-video-preview:-1"},"canonical":"https:\/\/www.leuven-accountants.be\/nl\/","og_locale":"nl_NL","og_type":"article","og_title":"Diensten - Leuven Accountants","og_description":"Leuven Accountants is een internationaal geori\u00ebnteerd accountantskantoor dat dienstverlening aanbiedt op maat van de cli\u00ebnt wat betreft boekhoudkundige rapportering en geoptimaliseerd belastingadvies. Het kantoor biedt zijn diensten aan binnen een louter Belgische context en dus uiteraard ook aan een Belgisch cli\u00ebnteel, maar specialiseert zich in de opstart en begeleiding van economische activiteiten die buitenlanders wensen [&hellip;]","og_url":"https:\/\/www.leuven-accountants.be\/nl\/","og_site_name":"Leuven Accountants","article_modified_time":"2025-11-01T19:45:14+00:00","twitter_card":"summary_large_image","twitter_misc":{"Est. reading time":"1 minute"},"schema":{"@context":"https:\/\/schema.org","@graph":[{"@type":"WebPage","@id":"https:\/\/www.leuven-accountants.be\/nl\/","url":"https:\/\/www.leuven-accountants.be\/nl\/","name":"Diensten - Leuven Accountants","isPartOf":{"@id":"https:\/\/www.leuven-accountants.be\/#website"},"datePublished":"2018-10-23T09:03:19+00:00","dateModified":"2025-11-01T19:45:14+00:00","breadcrumb":{"@id":"https:\/\/www.leuven-accountants.be\/nl\/#breadcrumb"},"inLanguage":"nl-NL","potentialAction":[{"@type":"ReadAction","target":["https:\/\/www.leuven-accountants.be\/nl\/"]}]},{"@type":"BreadcrumbList","@id":"https:\/\/www.leuven-accountants.be\/nl\/#breadcrumb","itemListElement":[{"@type":"ListItem","position":1,"name":"Accueil","item":"https:\/\/www.leuven-accountants.be\/nl\/"},{"@type":"ListItem","position":2,"name":"Diensten"}]},{"@type":"WebSite","@id":"https:\/\/www.leuven-accountants.be\/#website","url":"https:\/\/www.leuven-accountants.be\/","name":"Leuven Accountants","description":"&lt;strong&gt;Leuven Accountants&lt;\/strong&gt; est une entreprise Internationale de comptabilit\u00e9 offrant \u00e0 ses clients une comptabilit\u00e9 appropri\u00e9e et une consultance optimis\u00e9e des imp\u00f4ts. Le cabinet est comp\u00e9tent au sein du contexte belge, pour les citoyens redevables de l\u2019imp\u00f4t belge. Nous sommes aussi reconnus en tant que guide fiable et compagnon pour les expatri\u00e9s qui ont besoin de constituer leur activit\u00e9, d&#039;en assurer la croissance et l\u2019organisation sur le territoire belge.","potentialAction":[{"@type":"SearchAction","target":{"@type":"EntryPoint","urlTemplate":"https:\/\/www.leuven-accountants.be\/?s={search_term_string}"},"query-input":{"@type":"PropertyValueSpecification","valueRequired":true,"valueName":"search_term_string"}}],"inLanguage":"nl-NL"}]}},"_links":{"self":[{"href":"https:\/\/www.leuven-accountants.be\/nl\/wp-json\/wp\/v2\/pages\/156","targetHints":{"allow":["GET"]}}],"collection":[{"href":"https:\/\/www.leuven-accountants.be\/nl\/wp-json\/wp\/v2\/pages"}],"about":[{"href":"https:\/\/www.leuven-accountants.be\/nl\/wp-json\/wp\/v2\/types\/page"}],"author":[{"embeddable":true,"href":"https:\/\/www.leuven-accountants.be\/nl\/wp-json\/wp\/v2\/users\/1"}],"replies":[{"embeddable":true,"href":"https:\/\/www.leuven-accountants.be\/nl\/wp-json\/wp\/v2\/comments?post=156"}],"version-history":[{"count":9,"href":"https:\/\/www.leuven-accountants.be\/nl\/wp-json\/wp\/v2\/pages\/156\/revisions"}],"predecessor-version":[{"id":3086,"href":"https:\/\/www.leuven-accountants.be\/nl\/wp-json\/wp\/v2\/pages\/156\/revisions\/3086"}],"wp:attachment":[{"href":"https:\/\/www.leuven-accountants.be\/nl\/wp-json\/wp\/v2\/media?parent=156"}],"curies":[{"name":"wp","href":"https:\/\/api.w.org\/{rel}","templated":true}]}}