{"id":642,"date":"2018-10-25T15:21:51","date_gmt":"2018-10-25T13:21:51","guid":{"rendered":"https:\/\/www.fidupress.be\/ba\/?page_id=642"},"modified":"2025-05-21T10:51:19","modified_gmt":"2025-05-21T08:51:19","slug":"contacto","status":"publish","type":"page","link":"https:\/\/www.leuven-accountants.be\/es\/contacto\/","title":{"rendered":"Contacto"},"content":{"rendered":"\n<h2 class=\"wp-block-heading\">UBICACI\u00d3N DE LA OFICINA<\/h2>\n\n\n\n<p> Bergstraat, 119<br> 3010 LEUVEN<br> Belgica<\/p>\n\n\n\n<iframe src=\"https:\/\/www.google.com\/maps\/embed?pb=!1m18!1m12!1m3!1d2516.010598454813!2d4.737006099999999!3d50.90502000000001!2m3!1f0!2f0!3f0!3m2!1i1024!2i768!4f13.1!3m3!1m2!1s0x47c16744c0a05ef3%3A0xc71bde6c6afa6b2a!2sBergstraat%20119%2C%203010%20Leuven!5e0!3m2!1sfr!2sbe!4v1663235971667!5m2!1sfr!2sbe\" width=\"600\" height=\"450\" style=\"border:0;\" allowfullscreen=\"\" loading=\"lazy\" referrerpolicy=\"no-referrer-when-downgrade\"><\/iframe>\n","protected":false},"excerpt":{"rendered":"<p>UBICACI\u00d3N DE LA OFICINA Bergstraat, 119 3010 LEUVEN Belgica<\/p>\n","protected":false},"author":1,"featured_media":0,"parent":0,"menu_order":0,"comment_status":"closed","ping_status":"closed","template":"template-parts\/contact.php","meta":{"footnotes":""},"class_list":["post-642","page","type-page","status-publish","hentry"],"acf":[],"yoast_head":"<!-- This site is optimized with the Yoast SEO plugin v27.4 - https:\/\/yoast.com\/product\/yoast-seo-wordpress\/ -->\n<title>Contacto - Leuven Accountants<\/title>\n<meta name=\"robots\" content=\"index, follow, max-snippet:-1, max-image-preview:large, max-video-preview:-1\" \/>\n<link rel=\"canonical\" href=\"https:\/\/www.leuven-accountants.be\/es\/contacto\/\" \/>\n<meta property=\"og:locale\" content=\"es_ES\" \/>\n<meta property=\"og:type\" content=\"article\" \/>\n<meta property=\"og:title\" content=\"Contacto - Leuven Accountants\" \/>\n<meta property=\"og:description\" content=\"UBICACI\u00d3N DE LA OFICINA Bergstraat, 119 3010 LEUVEN Belgica\" \/>\n<meta property=\"og:url\" content=\"https:\/\/www.leuven-accountants.be\/es\/contacto\/\" \/>\n<meta property=\"og:site_name\" content=\"Leuven Accountants\" \/>\n<meta property=\"article:modified_time\" content=\"2025-05-21T08:51:19+00:00\" \/>\n<meta name=\"twitter:card\" content=\"summary_large_image\" \/>\n<meta name=\"twitter:label1\" content=\"Est. reading time\" \/>\n\t<meta name=\"twitter:data1\" content=\"1 minute\" \/>\n<script type=\"application\/ld+json\" class=\"yoast-schema-graph\">{\"@context\":\"https:\\\/\\\/schema.org\",\"@graph\":[{\"@type\":\"WebPage\",\"@id\":\"https:\\\/\\\/www.leuven-accountants.be\\\/es\\\/contacto\\\/\",\"url\":\"https:\\\/\\\/www.leuven-accountants.be\\\/es\\\/contacto\\\/\",\"name\":\"Contacto - Leuven Accountants\",\"isPartOf\":{\"@id\":\"https:\\\/\\\/www.leuven-accountants.be\\\/#website\"},\"datePublished\":\"2018-10-25T13:21:51+00:00\",\"dateModified\":\"2025-05-21T08:51:19+00:00\",\"breadcrumb\":{\"@id\":\"https:\\\/\\\/www.leuven-accountants.be\\\/es\\\/contacto\\\/#breadcrumb\"},\"inLanguage\":\"es-ES\",\"potentialAction\":[{\"@type\":\"ReadAction\",\"target\":[\"https:\\\/\\\/www.leuven-accountants.be\\\/es\\\/contacto\\\/\"]}]},{\"@type\":\"BreadcrumbList\",\"@id\":\"https:\\\/\\\/www.leuven-accountants.be\\\/es\\\/contacto\\\/#breadcrumb\",\"itemListElement\":[{\"@type\":\"ListItem\",\"position\":1,\"name\":\"Accueil\",\"item\":\"https:\\\/\\\/www.leuven-accountants.be\\\/es\\\/\"},{\"@type\":\"ListItem\",\"position\":2,\"name\":\"Contacto\"}]},{\"@type\":\"WebSite\",\"@id\":\"https:\\\/\\\/www.leuven-accountants.be\\\/#website\",\"url\":\"https:\\\/\\\/www.leuven-accountants.be\\\/\",\"name\":\"Leuven Accountants\",\"description\":\"&lt;strong&gt;Leuven Accountants&lt;\\\/strong&gt; est une entreprise Internationale de comptabilit\u00e9 offrant \u00e0 ses clients une comptabilit\u00e9 appropri\u00e9e et une consultance optimis\u00e9e des imp\u00f4ts. Le cabinet est comp\u00e9tent au sein du contexte belge, pour les citoyens redevables de l\u2019imp\u00f4t belge. Nous sommes aussi reconnus en tant que guide fiable et compagnon pour les expatri\u00e9s qui ont besoin de constituer leur activit\u00e9, d&#039;en assurer la croissance et l\u2019organisation sur le territoire belge.\",\"potentialAction\":[{\"@type\":\"SearchAction\",\"target\":{\"@type\":\"EntryPoint\",\"urlTemplate\":\"https:\\\/\\\/www.leuven-accountants.be\\\/?s={search_term_string}\"},\"query-input\":{\"@type\":\"PropertyValueSpecification\",\"valueRequired\":true,\"valueName\":\"search_term_string\"}}],\"inLanguage\":\"es-ES\"}]}<\/script>\n<!-- \/ Yoast SEO plugin. -->","yoast_head_json":{"title":"Contacto - Leuven Accountants","robots":{"index":"index","follow":"follow","max-snippet":"max-snippet:-1","max-image-preview":"max-image-preview:large","max-video-preview":"max-video-preview:-1"},"canonical":"https:\/\/www.leuven-accountants.be\/es\/contacto\/","og_locale":"es_ES","og_type":"article","og_title":"Contacto - Leuven Accountants","og_description":"UBICACI\u00d3N DE LA OFICINA Bergstraat, 119 3010 LEUVEN Belgica","og_url":"https:\/\/www.leuven-accountants.be\/es\/contacto\/","og_site_name":"Leuven Accountants","article_modified_time":"2025-05-21T08:51:19+00:00","twitter_card":"summary_large_image","twitter_misc":{"Est. reading time":"1 minute"},"schema":{"@context":"https:\/\/schema.org","@graph":[{"@type":"WebPage","@id":"https:\/\/www.leuven-accountants.be\/es\/contacto\/","url":"https:\/\/www.leuven-accountants.be\/es\/contacto\/","name":"Contacto - Leuven Accountants","isPartOf":{"@id":"https:\/\/www.leuven-accountants.be\/#website"},"datePublished":"2018-10-25T13:21:51+00:00","dateModified":"2025-05-21T08:51:19+00:00","breadcrumb":{"@id":"https:\/\/www.leuven-accountants.be\/es\/contacto\/#breadcrumb"},"inLanguage":"es-ES","potentialAction":[{"@type":"ReadAction","target":["https:\/\/www.leuven-accountants.be\/es\/contacto\/"]}]},{"@type":"BreadcrumbList","@id":"https:\/\/www.leuven-accountants.be\/es\/contacto\/#breadcrumb","itemListElement":[{"@type":"ListItem","position":1,"name":"Accueil","item":"https:\/\/www.leuven-accountants.be\/es\/"},{"@type":"ListItem","position":2,"name":"Contacto"}]},{"@type":"WebSite","@id":"https:\/\/www.leuven-accountants.be\/#website","url":"https:\/\/www.leuven-accountants.be\/","name":"Leuven Accountants","description":"&lt;strong&gt;Leuven Accountants&lt;\/strong&gt; est une entreprise Internationale de comptabilit\u00e9 offrant \u00e0 ses clients une comptabilit\u00e9 appropri\u00e9e et une consultance optimis\u00e9e des imp\u00f4ts. Le cabinet est comp\u00e9tent au sein du contexte belge, pour les citoyens redevables de l\u2019imp\u00f4t belge. Nous sommes aussi reconnus en tant que guide fiable et compagnon pour les expatri\u00e9s qui ont besoin de constituer leur activit\u00e9, d&#039;en assurer la croissance et l\u2019organisation sur le territoire belge.","potentialAction":[{"@type":"SearchAction","target":{"@type":"EntryPoint","urlTemplate":"https:\/\/www.leuven-accountants.be\/?s={search_term_string}"},"query-input":{"@type":"PropertyValueSpecification","valueRequired":true,"valueName":"search_term_string"}}],"inLanguage":"es-ES"}]}},"_links":{"self":[{"href":"https:\/\/www.leuven-accountants.be\/es\/wp-json\/wp\/v2\/pages\/642","targetHints":{"allow":["GET"]}}],"collection":[{"href":"https:\/\/www.leuven-accountants.be\/es\/wp-json\/wp\/v2\/pages"}],"about":[{"href":"https:\/\/www.leuven-accountants.be\/es\/wp-json\/wp\/v2\/types\/page"}],"author":[{"embeddable":true,"href":"https:\/\/www.leuven-accountants.be\/es\/wp-json\/wp\/v2\/users\/1"}],"replies":[{"embeddable":true,"href":"https:\/\/www.leuven-accountants.be\/es\/wp-json\/wp\/v2\/comments?post=642"}],"version-history":[{"count":8,"href":"https:\/\/www.leuven-accountants.be\/es\/wp-json\/wp\/v2\/pages\/642\/revisions"}],"predecessor-version":[{"id":2755,"href":"https:\/\/www.leuven-accountants.be\/es\/wp-json\/wp\/v2\/pages\/642\/revisions\/2755"}],"wp:attachment":[{"href":"https:\/\/www.leuven-accountants.be\/es\/wp-json\/wp\/v2\/media?parent=642"}],"curies":[{"name":"wp","href":"https:\/\/api.w.org\/{rel}","templated":true}]}}