{"id":515,"date":"2018-10-25T14:11:56","date_gmt":"2018-10-25T12:11:56","guid":{"rendered":"https:\/\/www.fidupress.be\/ba\/?page_id=515"},"modified":"2018-10-25T14:11:57","modified_gmt":"2018-10-25T12:11:57","slug":"asociaciones-sin-animo-lucro","status":"publish","type":"page","link":"https:\/\/www.leuven-accountants.be\/es\/servicios\/asociaciones-sin-animo-lucro\/","title":{"rendered":"Asociaciones sin \u00e1nimo lucro"},"content":{"rendered":"\n<p><strong>Leuven Accountants<\/strong>&nbsp;trabajamos con Asociaciones sin \u00c1nimo de Lucro (OSAL) (nacionales como internacionales) desde su constituci\u00f3n hasta su eventual disoluci\u00f3n o liquidaci\u00f3n. Podemos ayudar a las asociaciones en las siguientes tareas:<\/p>\n\n\n\n<ul class=\"wp-block-list\"><li>Asistencia en la obtenci\u00f3n legal del estatus de OSAL.<\/li><li>Redacci\u00f3n de los estatutos de la OSAL, as\u00ed como adicionalmente \u00ablas reglas internas\u00bb si es necesario.<\/li><li>Asesoramiento en la estructura de la asociaci\u00f3n: la asamblea de constituci\u00f3n, el Consejo de Administradores, la direcci\u00f3n de la misma (en cuanto a la exoneraci\u00f3n de responsabilidad), la Junta de Directiva, el posible nombramiento de un auditor y la Junta General de Accionistas.<\/li><li>Lista de miembros (posible registro en el despacho del Tribunal competente).<\/li><li>Cumplimiento de las obligaciones fiscales y contables acorde con las disposiciones legales:<ul><li>Establecimiento de un plan de cuentas basado en la actividad especifica de la OSAL as\u00ed como de su tama\u00f1o.<\/li><li>Apoyo al Consejo de Administraci\u00f3n en cuanto al establecimiento y aplicaci\u00f3n de las normas contables adecuadas.<\/li><li>Establecimiento de un presupuesto anual as\u00ed como un seguimiento regular del mismo acorde con los resultados financieros.<\/li><li>Todas las actividades contables necesarias en cuanto los libros, inventarios y preparaci\u00f3n de informes internos.<\/li><li>Preparaci\u00f3n de los libros contables, balance, p\u00e9rdidas y ganancias.<\/li><li>Presentaci\u00f3n oficial de cuentas anuales normales, si est\u00e1 legalmente autorizado, o del tipo deseado por el cliente.<\/li><li>Asignaci\u00f3n de P\u00e9rdidas y Ganancias acorde con la legislaci\u00f3n de las asociaciones sin animo de lucro<\/li><li>Repercusiones fiscales en cuanto a las propiedades inmobiliarias. Impuesto Patrimonial.<\/li><li>Impuesto sobre beneficios para aquellas operaciones de las asociaciones sujetas al mismo.<\/li><li>Estudio del IVA para las asociaciones.<\/li><li>An\u00e1lisis fiscal de las implicaciones de los regalos a clientes, legados y promociones realizadas por las asociaciones.<\/li><\/ul><\/li><\/ul>\n\n\n\n<p>Para m\u00e1s informaci\u00f3n, no duden en contactar con nosotros.<\/p>\n\n\n\n<p><strong>Leuven Accountants<\/strong>&nbsp;<strong>BVBA<\/strong><\/p>\n","protected":false},"excerpt":{"rendered":"<p>Leuven Accountants&nbsp;trabajamos con Asociaciones sin \u00c1nimo de Lucro (OSAL) (nacionales como internacionales) desde su constituci\u00f3n hasta su eventual disoluci\u00f3n o liquidaci\u00f3n. Podemos ayudar a las asociaciones en las siguientes tareas: Asistencia en la obtenci\u00f3n legal del estatus de OSAL. Redacci\u00f3n de los estatutos de la OSAL, as\u00ed como adicionalmente \u00ablas reglas internas\u00bb si es necesario. [&hellip;]<\/p>\n","protected":false},"author":1,"featured_media":0,"parent":506,"menu_order":0,"comment_status":"closed","ping_status":"closed","template":"","meta":{"footnotes":""},"class_list":["post-515","page","type-page","status-publish","hentry"],"acf":[],"yoast_head":"<!-- This site is optimized with the Yoast SEO plugin v27.4 - https:\/\/yoast.com\/product\/yoast-seo-wordpress\/ -->\n<title>Asociaciones sin \u00e1nimo lucro - Leuven Accountants<\/title>\n<meta name=\"robots\" content=\"index, follow, max-snippet:-1, max-image-preview:large, max-video-preview:-1\" \/>\n<link rel=\"canonical\" href=\"https:\/\/www.leuven-accountants.be\/es\/servicios\/asociaciones-sin-animo-lucro\/\" \/>\n<meta property=\"og:locale\" content=\"es_ES\" \/>\n<meta property=\"og:type\" content=\"article\" \/>\n<meta property=\"og:title\" content=\"Asociaciones sin \u00e1nimo lucro - Leuven Accountants\" \/>\n<meta property=\"og:description\" content=\"Leuven Accountants&nbsp;trabajamos con Asociaciones sin \u00c1nimo de Lucro (OSAL) (nacionales como internacionales) desde su constituci\u00f3n hasta su eventual disoluci\u00f3n o liquidaci\u00f3n. Podemos ayudar a las asociaciones en las siguientes tareas: Asistencia en la obtenci\u00f3n legal del estatus de OSAL. Redacci\u00f3n de los estatutos de la OSAL, as\u00ed como adicionalmente \u00ablas reglas internas\u00bb si es necesario. [&hellip;]\" \/>\n<meta property=\"og:url\" content=\"https:\/\/www.leuven-accountants.be\/es\/servicios\/asociaciones-sin-animo-lucro\/\" \/>\n<meta property=\"og:site_name\" content=\"Leuven Accountants\" \/>\n<meta property=\"article:modified_time\" content=\"2018-10-25T12:11:57+00:00\" \/>\n<meta name=\"twitter:card\" content=\"summary_large_image\" \/>\n<meta name=\"twitter:label1\" content=\"Est. reading time\" \/>\n\t<meta name=\"twitter:data1\" content=\"2 minutes\" \/>\n<script type=\"application\/ld+json\" class=\"yoast-schema-graph\">{\"@context\":\"https:\\\/\\\/schema.org\",\"@graph\":[{\"@type\":\"WebPage\",\"@id\":\"https:\\\/\\\/www.leuven-accountants.be\\\/es\\\/servicios\\\/asociaciones-sin-animo-lucro\\\/\",\"url\":\"https:\\\/\\\/www.leuven-accountants.be\\\/es\\\/servicios\\\/asociaciones-sin-animo-lucro\\\/\",\"name\":\"Asociaciones sin \u00e1nimo lucro - Leuven Accountants\",\"isPartOf\":{\"@id\":\"https:\\\/\\\/www.leuven-accountants.be\\\/#website\"},\"datePublished\":\"2018-10-25T12:11:56+00:00\",\"dateModified\":\"2018-10-25T12:11:57+00:00\",\"breadcrumb\":{\"@id\":\"https:\\\/\\\/www.leuven-accountants.be\\\/es\\\/servicios\\\/asociaciones-sin-animo-lucro\\\/#breadcrumb\"},\"inLanguage\":\"es-ES\",\"potentialAction\":[{\"@type\":\"ReadAction\",\"target\":[\"https:\\\/\\\/www.leuven-accountants.be\\\/es\\\/servicios\\\/asociaciones-sin-animo-lucro\\\/\"]}]},{\"@type\":\"BreadcrumbList\",\"@id\":\"https:\\\/\\\/www.leuven-accountants.be\\\/es\\\/servicios\\\/asociaciones-sin-animo-lucro\\\/#breadcrumb\",\"itemListElement\":[{\"@type\":\"ListItem\",\"position\":1,\"name\":\"Accueil\",\"item\":\"https:\\\/\\\/www.leuven-accountants.be\\\/es\\\/\"},{\"@type\":\"ListItem\",\"position\":2,\"name\":\"Servicios\",\"item\":\"https:\\\/\\\/www.leuven-accountants.be\\\/es\\\/\"},{\"@type\":\"ListItem\",\"position\":3,\"name\":\"Asociaciones sin \u00e1nimo lucro\"}]},{\"@type\":\"WebSite\",\"@id\":\"https:\\\/\\\/www.leuven-accountants.be\\\/#website\",\"url\":\"https:\\\/\\\/www.leuven-accountants.be\\\/\",\"name\":\"Leuven Accountants\",\"description\":\"&lt;strong&gt;Leuven Accountants&lt;\\\/strong&gt; est une entreprise Internationale de comptabilit\u00e9 offrant \u00e0 ses clients une comptabilit\u00e9 appropri\u00e9e et une consultance optimis\u00e9e des imp\u00f4ts. Le cabinet est comp\u00e9tent au sein du contexte belge, pour les citoyens redevables de l\u2019imp\u00f4t belge. Nous sommes aussi reconnus en tant que guide fiable et compagnon pour les expatri\u00e9s qui ont besoin de constituer leur activit\u00e9, d&#039;en assurer la croissance et l\u2019organisation sur le territoire belge.\",\"potentialAction\":[{\"@type\":\"SearchAction\",\"target\":{\"@type\":\"EntryPoint\",\"urlTemplate\":\"https:\\\/\\\/www.leuven-accountants.be\\\/?s={search_term_string}\"},\"query-input\":{\"@type\":\"PropertyValueSpecification\",\"valueRequired\":true,\"valueName\":\"search_term_string\"}}],\"inLanguage\":\"es-ES\"}]}<\/script>\n<!-- \/ Yoast SEO plugin. -->","yoast_head_json":{"title":"Asociaciones sin \u00e1nimo lucro - Leuven Accountants","robots":{"index":"index","follow":"follow","max-snippet":"max-snippet:-1","max-image-preview":"max-image-preview:large","max-video-preview":"max-video-preview:-1"},"canonical":"https:\/\/www.leuven-accountants.be\/es\/servicios\/asociaciones-sin-animo-lucro\/","og_locale":"es_ES","og_type":"article","og_title":"Asociaciones sin \u00e1nimo lucro - Leuven Accountants","og_description":"Leuven Accountants&nbsp;trabajamos con Asociaciones sin \u00c1nimo de Lucro (OSAL) (nacionales como internacionales) desde su constituci\u00f3n hasta su eventual disoluci\u00f3n o liquidaci\u00f3n. Podemos ayudar a las asociaciones en las siguientes tareas: Asistencia en la obtenci\u00f3n legal del estatus de OSAL. Redacci\u00f3n de los estatutos de la OSAL, as\u00ed como adicionalmente \u00ablas reglas internas\u00bb si es necesario. [&hellip;]","og_url":"https:\/\/www.leuven-accountants.be\/es\/servicios\/asociaciones-sin-animo-lucro\/","og_site_name":"Leuven Accountants","article_modified_time":"2018-10-25T12:11:57+00:00","twitter_card":"summary_large_image","twitter_misc":{"Est. reading time":"2 minutes"},"schema":{"@context":"https:\/\/schema.org","@graph":[{"@type":"WebPage","@id":"https:\/\/www.leuven-accountants.be\/es\/servicios\/asociaciones-sin-animo-lucro\/","url":"https:\/\/www.leuven-accountants.be\/es\/servicios\/asociaciones-sin-animo-lucro\/","name":"Asociaciones sin \u00e1nimo lucro - Leuven Accountants","isPartOf":{"@id":"https:\/\/www.leuven-accountants.be\/#website"},"datePublished":"2018-10-25T12:11:56+00:00","dateModified":"2018-10-25T12:11:57+00:00","breadcrumb":{"@id":"https:\/\/www.leuven-accountants.be\/es\/servicios\/asociaciones-sin-animo-lucro\/#breadcrumb"},"inLanguage":"es-ES","potentialAction":[{"@type":"ReadAction","target":["https:\/\/www.leuven-accountants.be\/es\/servicios\/asociaciones-sin-animo-lucro\/"]}]},{"@type":"BreadcrumbList","@id":"https:\/\/www.leuven-accountants.be\/es\/servicios\/asociaciones-sin-animo-lucro\/#breadcrumb","itemListElement":[{"@type":"ListItem","position":1,"name":"Accueil","item":"https:\/\/www.leuven-accountants.be\/es\/"},{"@type":"ListItem","position":2,"name":"Servicios","item":"https:\/\/www.leuven-accountants.be\/es\/"},{"@type":"ListItem","position":3,"name":"Asociaciones sin \u00e1nimo lucro"}]},{"@type":"WebSite","@id":"https:\/\/www.leuven-accountants.be\/#website","url":"https:\/\/www.leuven-accountants.be\/","name":"Leuven Accountants","description":"&lt;strong&gt;Leuven Accountants&lt;\/strong&gt; est une entreprise Internationale de comptabilit\u00e9 offrant \u00e0 ses clients une comptabilit\u00e9 appropri\u00e9e et une consultance optimis\u00e9e des imp\u00f4ts. Le cabinet est comp\u00e9tent au sein du contexte belge, pour les citoyens redevables de l\u2019imp\u00f4t belge. Nous sommes aussi reconnus en tant que guide fiable et compagnon pour les expatri\u00e9s qui ont besoin de constituer leur activit\u00e9, d&#039;en assurer la croissance et l\u2019organisation sur le territoire belge.","potentialAction":[{"@type":"SearchAction","target":{"@type":"EntryPoint","urlTemplate":"https:\/\/www.leuven-accountants.be\/?s={search_term_string}"},"query-input":{"@type":"PropertyValueSpecification","valueRequired":true,"valueName":"search_term_string"}}],"inLanguage":"es-ES"}]}},"_links":{"self":[{"href":"https:\/\/www.leuven-accountants.be\/es\/wp-json\/wp\/v2\/pages\/515","targetHints":{"allow":["GET"]}}],"collection":[{"href":"https:\/\/www.leuven-accountants.be\/es\/wp-json\/wp\/v2\/pages"}],"about":[{"href":"https:\/\/www.leuven-accountants.be\/es\/wp-json\/wp\/v2\/types\/page"}],"author":[{"embeddable":true,"href":"https:\/\/www.leuven-accountants.be\/es\/wp-json\/wp\/v2\/users\/1"}],"replies":[{"embeddable":true,"href":"https:\/\/www.leuven-accountants.be\/es\/wp-json\/wp\/v2\/comments?post=515"}],"version-history":[{"count":1,"href":"https:\/\/www.leuven-accountants.be\/es\/wp-json\/wp\/v2\/pages\/515\/revisions"}],"predecessor-version":[{"id":516,"href":"https:\/\/www.leuven-accountants.be\/es\/wp-json\/wp\/v2\/pages\/515\/revisions\/516"}],"up":[{"embeddable":true,"href":"https:\/\/www.leuven-accountants.be\/es\/wp-json\/wp\/v2\/pages\/506"}],"wp:attachment":[{"href":"https:\/\/www.leuven-accountants.be\/es\/wp-json\/wp\/v2\/media?parent=515"}],"curies":[{"name":"wp","href":"https:\/\/api.w.org\/{rel}","templated":true}]}}