{"id":3102,"date":"2025-11-01T20:02:09","date_gmt":"2025-11-01T19:02:09","guid":{"rendered":"https:\/\/www.leuven-accountants.be\/servicios\/peppol-2\/"},"modified":"2025-11-02T17:34:26","modified_gmt":"2025-11-02T16:34:26","slug":"peppol-3","status":"publish","type":"page","link":"https:\/\/www.leuven-accountants.be\/es\/servicios\/peppol-3\/","title":{"rendered":"Peppol"},"content":{"rendered":"\n<p id=\"block-ebdfbe79-6dfa-486b-a6e7-80154def59bb\">Nous sommes heureux de vous annoncer qu\u2019\u00e0 partir de f\u00e9vrier 2026, Leuven<br>Accountants passera \u00e0 un nouveau logiciel comptable qui s\u2019appelle Horus Software.<br>Ce nouveau logiciel est une \u00e9volution nous permettra de suivre le rythme d\u2019un monde<br>en constante \u00e9volution et d\u2019optimiser afin de mieux vous servir. Pour continuer \u00e0 offrir<br>un service efficace et de haute qualit\u00e9, il est essentiel pour nous de rester \u00e0 la pointe<br>des nouvelles technologies.<br>Ce logiciel devra automatiser une partie du travail de saisie (l\u2019encodage) gr\u00e2ce \u00e0<br>l\u2019utilisation du format de facturation \u00e9lectronique structur\u00e9 et digitalis\u00e9 par<br>l\u2019application Peppol qui entrera en vigueur le 1 er janvier 2026. Pour cette raison entre<br>autres un changement de programme comptable s\u2019impose.<br>Peppol est un protocole via lequel toutes les factures B2B devront \u00eatre envoy\u00e9es en<br>Belgique \u00e0 partir de 2026. Les entreprises devront \u00e9mettre leurs factures de vente \u00e0<br>d\u2019autres entreprises belge via Peppol et \u00eatre \u00e9galement en mesure de recevoir leurs<br>factures d\u2019achat par ce biais. Chaque entreprise devra donc disposer d\u2019un point<br>d\u2019acc\u00e8s Peppol. Certains de nos clientes ne sont pas encore en conformit\u00e9 \u00e0 ce<br>sujet.<br>Nous les invitons, avec une petite urgence, \u00e0 contacter notre coll\u00e8gue Peter \u00e0<br>l\u2019adresse suivante <a href=\"&#109;&#x61;&#x69;l&#116;&#x6f;:&#112;&#x65;&#x74;e&#114;&#x40;b&#114;&#x75;&#x73;s&#101;&#x6c;s&#45;&#x61;&#x63;&#99;&#111;&#x75;n&#116;&#x61;&#x6e;&#116;&#x73;&#x2e;b&#101;\">&#x70;&#101;&#x74;&#x65;&#114;&#x40;&#x62;&#114;&#x75;&#x73;&#115;&#x65;&#x6c;s&#x2d;&#x61;c&#x63;&#111;u&#x6e;&#116;a&#x6e;&#116;s&#x2e;&#98;e<\/a><br>L\u2019utilisation de Peppol est obligatoire (d\u00e9cision gouvernementale), mais le choix du<br>logiciel qui servira de point d\u2019acc\u00e8s reste libre. Ces points d\u2019acc\u00e8s \u00e9voluent dans un<br>march\u00e9 concurrentiel. Nous recommandons \u00e0 nos clients de choisir Falco comme<br>point d\u2019acc\u00e8s Peppol. Falco est un point d\u2019acc\u00e8s ind\u00e9pendant et pleinement agr\u00e9\u00e9.<br>Nous proposons ce choix car Falco fonctionne de mani\u00e8re optimale avec notre futur<br>syst\u00e8me comptable, Horus Software, que nous adopterons \u00e0 partir de f\u00e9vrier 2026.<br>En effet, les deux applications sont enti\u00e8rement int\u00e9gr\u00e9es. Certains de nos clients<br>utilisent d\u00e9j\u00e0 Billit comme point d\u2019acc\u00e8s Peppol. Nous veillerons \u00e0 ce que Billit soit<br>reli\u00e9 \u00e0 notre nouveau logiciel comptable Horus Software. Nous ne demandons pas \u00e0<br>ces clients de passer de Billit \u00e0 Falco, du moins pour le moment.<\/p>\n\n\n\n<p id=\"block-c65f1c94-3b92-43ad-8396-2851b9fbd329\">Nous avons tous un avis sur l\u2019intelligence artificielle. Toutes ses applications ne<br>servent pas forc\u00e9ment l\u2019humanit\u00e9. Cela dit, l\u2019intelligence artificielle est capable<br>d\u2019analyser les mod\u00e8les de saisies comptables et d\u2019appliquer une logique via des<br>algorithmes pour g\u00e9n\u00e9rer des \u00e9critures comptables valides sur de nouvelles factures,<br>tout en rendant la saisie plus efficace et en r\u00e9duisant les erreurs et cela repr\u00e9sente<br>sans conteste une technologie utile, qui facilite la vie de tous. Les clients peuvent<br>\u00e9galement mettre facilement des commentaires \u00e0 leurs documents. Ces informations<br>ne seront pas perdues, mais prises en compte automatiquement lors de l\u2019encodage.<br>Depuis 20 ans, on dit que \u00ab l\u2019ordinateur va remplacer l\u2019encodage comptable \u00bb. Cela<br>reste \u00e0 confirmer, mais en 2026, nous pourrions bien atteindre ce stade. Bien<br>entendu, comme toujours, un comptable veillera au bon d\u00e9roulement du processus.<br>Nous remercions chaleureusement nos clients pour leur compr\u00e9hension, ainsi que<br>pour leur collaboration pr\u00e9cieuse et attentive durant cette p\u00e9riode de transition.<br>Nous nous r\u00e9jouissons de continuer \u00e0 vous offrir un service de la plus haute qualit\u00e9.<br>P.S. : Vous trouverez plus d\u2019informations concernant le point d\u2019acc\u00e8s Peppol Falco<br>que nous recommandons \u00e0 nos clients sur le site suivant <a href=\"https:\/\/www.falco-app.be\/\">https:\/\/www.falco-app.be\/<\/a><br><\/p>\n\n\n\n<p id=\"block-c65f1c94-3b92-43ad-8396-2851b9fbd329\"><strong>Leuven Accountants BV<\/strong><\/p>\n\n\n\n<p><\/p>\n","protected":false},"excerpt":{"rendered":"<p>Nous sommes heureux de vous annoncer qu\u2019\u00e0 partir de f\u00e9vrier 2026, LeuvenAccountants passera \u00e0 un nouveau logiciel comptable qui s\u2019appelle Horus Software.Ce nouveau logiciel est une \u00e9volution nous permettra de suivre le rythme d\u2019un mondeen constante \u00e9volution et d\u2019optimiser afin de mieux vous servir. Pour continuer \u00e0 offrirun service efficace et de haute qualit\u00e9, il [&hellip;]<\/p>\n","protected":false},"author":2,"featured_media":0,"parent":506,"menu_order":0,"comment_status":"closed","ping_status":"closed","template":"","meta":{"footnotes":""},"class_list":["post-3102","page","type-page","status-publish","hentry"],"acf":[],"yoast_head":"<!-- This site is optimized with the Yoast SEO plugin v27.5 - https:\/\/yoast.com\/product\/yoast-seo-wordpress\/ -->\n<title>Peppol - Leuven Accountants<\/title>\n<meta name=\"robots\" content=\"index, follow, max-snippet:-1, max-image-preview:large, max-video-preview:-1\" \/>\n<link rel=\"canonical\" href=\"https:\/\/www.leuven-accountants.be\/es\/servicios\/peppol-3\/\" \/>\n<meta property=\"og:locale\" content=\"es_ES\" \/>\n<meta property=\"og:type\" content=\"article\" \/>\n<meta property=\"og:title\" content=\"Peppol - Leuven Accountants\" \/>\n<meta property=\"og:description\" content=\"Nous sommes heureux de vous annoncer qu\u2019\u00e0 partir de f\u00e9vrier 2026, LeuvenAccountants passera \u00e0 un nouveau logiciel comptable qui s\u2019appelle Horus Software.Ce nouveau logiciel est une \u00e9volution nous permettra de suivre le rythme d\u2019un mondeen constante \u00e9volution et d\u2019optimiser afin de mieux vous servir. Pour continuer \u00e0 offrirun service efficace et de haute qualit\u00e9, il [&hellip;]\" \/>\n<meta property=\"og:url\" content=\"https:\/\/www.leuven-accountants.be\/es\/servicios\/peppol-3\/\" \/>\n<meta property=\"og:site_name\" content=\"Leuven Accountants\" \/>\n<meta property=\"article:modified_time\" content=\"2025-11-02T16:34:26+00:00\" \/>\n<meta name=\"twitter:card\" content=\"summary_large_image\" \/>\n<meta name=\"twitter:label1\" content=\"Est. reading time\" \/>\n\t<meta name=\"twitter:data1\" content=\"3 minutes\" \/>\n<script type=\"application\/ld+json\" class=\"yoast-schema-graph\">{\"@context\":\"https:\\\/\\\/schema.org\",\"@graph\":[{\"@type\":\"WebPage\",\"@id\":\"https:\\\/\\\/www.leuven-accountants.be\\\/es\\\/servicios\\\/peppol-3\\\/\",\"url\":\"https:\\\/\\\/www.leuven-accountants.be\\\/es\\\/servicios\\\/peppol-3\\\/\",\"name\":\"Peppol - Leuven Accountants\",\"isPartOf\":{\"@id\":\"https:\\\/\\\/www.leuven-accountants.be\\\/#website\"},\"datePublished\":\"2025-11-01T19:02:09+00:00\",\"dateModified\":\"2025-11-02T16:34:26+00:00\",\"breadcrumb\":{\"@id\":\"https:\\\/\\\/www.leuven-accountants.be\\\/es\\\/servicios\\\/peppol-3\\\/#breadcrumb\"},\"inLanguage\":\"es-ES\",\"potentialAction\":[{\"@type\":\"ReadAction\",\"target\":[\"https:\\\/\\\/www.leuven-accountants.be\\\/es\\\/servicios\\\/peppol-3\\\/\"]}]},{\"@type\":\"BreadcrumbList\",\"@id\":\"https:\\\/\\\/www.leuven-accountants.be\\\/es\\\/servicios\\\/peppol-3\\\/#breadcrumb\",\"itemListElement\":[{\"@type\":\"ListItem\",\"position\":1,\"name\":\"Accueil\",\"item\":\"https:\\\/\\\/www.leuven-accountants.be\\\/es\\\/\"},{\"@type\":\"ListItem\",\"position\":2,\"name\":\"Servicios\",\"item\":\"https:\\\/\\\/www.leuven-accountants.be\\\/es\\\/\"},{\"@type\":\"ListItem\",\"position\":3,\"name\":\"Peppol\"}]},{\"@type\":\"WebSite\",\"@id\":\"https:\\\/\\\/www.leuven-accountants.be\\\/#website\",\"url\":\"https:\\\/\\\/www.leuven-accountants.be\\\/\",\"name\":\"Leuven Accountants\",\"description\":\"&lt;strong&gt;Leuven Accountants&lt;\\\/strong&gt; est une entreprise Internationale de comptabilit\u00e9 offrant \u00e0 ses clients une comptabilit\u00e9 appropri\u00e9e et une consultance optimis\u00e9e des imp\u00f4ts. Le cabinet est comp\u00e9tent au sein du contexte belge, pour les citoyens redevables de l\u2019imp\u00f4t belge. Nous sommes aussi reconnus en tant que guide fiable et compagnon pour les expatri\u00e9s qui ont besoin de constituer leur activit\u00e9, d&#039;en assurer la croissance et l\u2019organisation sur le territoire belge.\",\"potentialAction\":[{\"@type\":\"SearchAction\",\"target\":{\"@type\":\"EntryPoint\",\"urlTemplate\":\"https:\\\/\\\/www.leuven-accountants.be\\\/?s={search_term_string}\"},\"query-input\":{\"@type\":\"PropertyValueSpecification\",\"valueRequired\":true,\"valueName\":\"search_term_string\"}}],\"inLanguage\":\"es-ES\"}]}<\/script>\n<!-- \/ Yoast SEO plugin. -->","yoast_head_json":{"title":"Peppol - Leuven Accountants","robots":{"index":"index","follow":"follow","max-snippet":"max-snippet:-1","max-image-preview":"max-image-preview:large","max-video-preview":"max-video-preview:-1"},"canonical":"https:\/\/www.leuven-accountants.be\/es\/servicios\/peppol-3\/","og_locale":"es_ES","og_type":"article","og_title":"Peppol - Leuven Accountants","og_description":"Nous sommes heureux de vous annoncer qu\u2019\u00e0 partir de f\u00e9vrier 2026, LeuvenAccountants passera \u00e0 un nouveau logiciel comptable qui s\u2019appelle Horus Software.Ce nouveau logiciel est une \u00e9volution nous permettra de suivre le rythme d\u2019un mondeen constante \u00e9volution et d\u2019optimiser afin de mieux vous servir. Pour continuer \u00e0 offrirun service efficace et de haute qualit\u00e9, il [&hellip;]","og_url":"https:\/\/www.leuven-accountants.be\/es\/servicios\/peppol-3\/","og_site_name":"Leuven Accountants","article_modified_time":"2025-11-02T16:34:26+00:00","twitter_card":"summary_large_image","twitter_misc":{"Est. reading time":"3 minutes"},"schema":{"@context":"https:\/\/schema.org","@graph":[{"@type":"WebPage","@id":"https:\/\/www.leuven-accountants.be\/es\/servicios\/peppol-3\/","url":"https:\/\/www.leuven-accountants.be\/es\/servicios\/peppol-3\/","name":"Peppol - Leuven Accountants","isPartOf":{"@id":"https:\/\/www.leuven-accountants.be\/#website"},"datePublished":"2025-11-01T19:02:09+00:00","dateModified":"2025-11-02T16:34:26+00:00","breadcrumb":{"@id":"https:\/\/www.leuven-accountants.be\/es\/servicios\/peppol-3\/#breadcrumb"},"inLanguage":"es-ES","potentialAction":[{"@type":"ReadAction","target":["https:\/\/www.leuven-accountants.be\/es\/servicios\/peppol-3\/"]}]},{"@type":"BreadcrumbList","@id":"https:\/\/www.leuven-accountants.be\/es\/servicios\/peppol-3\/#breadcrumb","itemListElement":[{"@type":"ListItem","position":1,"name":"Accueil","item":"https:\/\/www.leuven-accountants.be\/es\/"},{"@type":"ListItem","position":2,"name":"Servicios","item":"https:\/\/www.leuven-accountants.be\/es\/"},{"@type":"ListItem","position":3,"name":"Peppol"}]},{"@type":"WebSite","@id":"https:\/\/www.leuven-accountants.be\/#website","url":"https:\/\/www.leuven-accountants.be\/","name":"Leuven Accountants","description":"&lt;strong&gt;Leuven Accountants&lt;\/strong&gt; est une entreprise Internationale de comptabilit\u00e9 offrant \u00e0 ses clients une comptabilit\u00e9 appropri\u00e9e et une consultance optimis\u00e9e des imp\u00f4ts. Le cabinet est comp\u00e9tent au sein du contexte belge, pour les citoyens redevables de l\u2019imp\u00f4t belge. Nous sommes aussi reconnus en tant que guide fiable et compagnon pour les expatri\u00e9s qui ont besoin de constituer leur activit\u00e9, d&#039;en assurer la croissance et l\u2019organisation sur le territoire belge.","potentialAction":[{"@type":"SearchAction","target":{"@type":"EntryPoint","urlTemplate":"https:\/\/www.leuven-accountants.be\/?s={search_term_string}"},"query-input":{"@type":"PropertyValueSpecification","valueRequired":true,"valueName":"search_term_string"}}],"inLanguage":"es-ES"}]}},"_links":{"self":[{"href":"https:\/\/www.leuven-accountants.be\/es\/wp-json\/wp\/v2\/pages\/3102","targetHints":{"allow":["GET"]}}],"collection":[{"href":"https:\/\/www.leuven-accountants.be\/es\/wp-json\/wp\/v2\/pages"}],"about":[{"href":"https:\/\/www.leuven-accountants.be\/es\/wp-json\/wp\/v2\/types\/page"}],"author":[{"embeddable":true,"href":"https:\/\/www.leuven-accountants.be\/es\/wp-json\/wp\/v2\/users\/2"}],"replies":[{"embeddable":true,"href":"https:\/\/www.leuven-accountants.be\/es\/wp-json\/wp\/v2\/comments?post=3102"}],"version-history":[{"count":1,"href":"https:\/\/www.leuven-accountants.be\/es\/wp-json\/wp\/v2\/pages\/3102\/revisions"}],"predecessor-version":[{"id":3132,"href":"https:\/\/www.leuven-accountants.be\/es\/wp-json\/wp\/v2\/pages\/3102\/revisions\/3132"}],"up":[{"embeddable":true,"href":"https:\/\/www.leuven-accountants.be\/es\/wp-json\/wp\/v2\/pages\/506"}],"wp:attachment":[{"href":"https:\/\/www.leuven-accountants.be\/es\/wp-json\/wp\/v2\/media?parent=3102"}],"curies":[{"name":"wp","href":"https:\/\/api.w.org\/{rel}","templated":true}]}}