{"id":392,"date":"2018-10-23T15:21:08","date_gmt":"2018-10-23T13:21:08","guid":{"rendered":"https:\/\/www.fidupress.be\/ba\/liens-pratiques\/"},"modified":"2022-01-05T07:54:53","modified_gmt":"2022-01-05T06:54:53","slug":"useful-links","status":"publish","type":"page","link":"https:\/\/www.leuven-accountants.be\/en\/useful-links\/","title":{"rendered":"Useful links"},"content":{"rendered":"\n<ul class=\"wp-block-list\"><li><a href=\"http:\/\/www.belgium.be\/\" target=\"_blank\" rel=\"noreferrer noopener\">Official information and services in Belgium<\/a><\/li><li><a href=\"http:\/\/kbopub.economie.fgov.be\/kbopub\/zoekwoordenform.html?lang=fr\" target=\"_blank\" rel=\"noreferrer noopener\">BCE-company number &#8211; Public Search<\/a><\/li><li><a href=\"http:\/\/www.ejustice.just.fgov.be\/tsv\/tsvf.htm\" target=\"_blank\" rel=\"noreferrer noopener\">Official Belgian State Gazette \u2013 Moniteur Belge<\/a><\/li><li><a href=\"http:\/\/ec.europa.eu\/taxation_customs\/vies\/vieshome.do?selectedLanguage=EN\" target=\"_blank\" rel=\"noreferrer noopener\">European VAT number validation<\/a><\/li><li><a href=\"http:\/\/www.limosa.be\/\" target=\"_blank\" rel=\"noreferrer noopener\">Limosa registration (working in Belgium)<\/a><\/li><li><a href=\"http:\/\/www.logidrive.com\/\" target=\"_blank\" rel=\"noreferrer noopener\">Logidrive &#8211; (IT firm Leuven Accountants works with)<\/a><\/li><li><a href=\"https:\/\/www.toobila.com\/\" target=\"_blank\" rel=\"noreferrer noopener\">Affiliated agency for workspace sharing<\/a><\/li><\/ul>\n\n\n\n<p><\/p>\n","protected":false},"excerpt":{"rendered":"<p>Official information and services in Belgium BCE-company number &#8211; Public Search Official Belgian State Gazette \u2013 Moniteur Belge European VAT number validation Limosa registration (working in Belgium) Logidrive &#8211; (IT firm Leuven Accountants works with) Affiliated agency for workspace sharing<\/p>\n","protected":false},"author":1,"featured_media":0,"parent":0,"menu_order":0,"comment_status":"closed","ping_status":"closed","template":"","meta":{"footnotes":""},"class_list":["post-392","page","type-page","status-publish","hentry"],"acf":[],"yoast_head":"<!-- This site is optimized with the Yoast SEO plugin v27.4 - https:\/\/yoast.com\/product\/yoast-seo-wordpress\/ -->\n<title>Useful links - Leuven Accountants<\/title>\n<meta name=\"robots\" content=\"index, follow, max-snippet:-1, max-image-preview:large, max-video-preview:-1\" \/>\n<link rel=\"canonical\" href=\"https:\/\/www.leuven-accountants.be\/en\/useful-links\/\" \/>\n<meta property=\"og:locale\" content=\"en_US\" \/>\n<meta property=\"og:type\" content=\"article\" \/>\n<meta property=\"og:title\" content=\"Useful links - Leuven Accountants\" \/>\n<meta property=\"og:description\" content=\"Official information and services in Belgium BCE-company number &#8211; Public Search Official Belgian State Gazette \u2013 Moniteur Belge European VAT number validation Limosa registration (working in Belgium) Logidrive &#8211; (IT firm Leuven Accountants works with) Affiliated agency for workspace sharing\" \/>\n<meta property=\"og:url\" content=\"https:\/\/www.leuven-accountants.be\/en\/useful-links\/\" \/>\n<meta property=\"og:site_name\" content=\"Leuven Accountants\" \/>\n<meta property=\"article:modified_time\" content=\"2022-01-05T06:54:53+00:00\" \/>\n<meta name=\"twitter:card\" content=\"summary_large_image\" \/>\n<meta name=\"twitter:label1\" content=\"Est. reading time\" \/>\n\t<meta name=\"twitter:data1\" content=\"1 minute\" \/>\n<script type=\"application\/ld+json\" class=\"yoast-schema-graph\">{\"@context\":\"https:\\\/\\\/schema.org\",\"@graph\":[{\"@type\":\"WebPage\",\"@id\":\"https:\\\/\\\/www.leuven-accountants.be\\\/en\\\/useful-links\\\/\",\"url\":\"https:\\\/\\\/www.leuven-accountants.be\\\/en\\\/useful-links\\\/\",\"name\":\"Useful links - Leuven Accountants\",\"isPartOf\":{\"@id\":\"https:\\\/\\\/www.leuven-accountants.be\\\/#website\"},\"datePublished\":\"2018-10-23T13:21:08+00:00\",\"dateModified\":\"2022-01-05T06:54:53+00:00\",\"breadcrumb\":{\"@id\":\"https:\\\/\\\/www.leuven-accountants.be\\\/en\\\/useful-links\\\/#breadcrumb\"},\"inLanguage\":\"en-US\",\"potentialAction\":[{\"@type\":\"ReadAction\",\"target\":[\"https:\\\/\\\/www.leuven-accountants.be\\\/en\\\/useful-links\\\/\"]}]},{\"@type\":\"BreadcrumbList\",\"@id\":\"https:\\\/\\\/www.leuven-accountants.be\\\/en\\\/useful-links\\\/#breadcrumb\",\"itemListElement\":[{\"@type\":\"ListItem\",\"position\":1,\"name\":\"Accueil\",\"item\":\"https:\\\/\\\/www.leuven-accountants.be\\\/en\\\/\"},{\"@type\":\"ListItem\",\"position\":2,\"name\":\"Useful links\"}]},{\"@type\":\"WebSite\",\"@id\":\"https:\\\/\\\/www.leuven-accountants.be\\\/#website\",\"url\":\"https:\\\/\\\/www.leuven-accountants.be\\\/\",\"name\":\"Leuven Accountants\",\"description\":\"&lt;strong&gt;Leuven Accountants&lt;\\\/strong&gt; est une entreprise Internationale de comptabilit\u00e9 offrant \u00e0 ses clients une comptabilit\u00e9 appropri\u00e9e et une consultance optimis\u00e9e des imp\u00f4ts. Le cabinet est comp\u00e9tent au sein du contexte belge, pour les citoyens redevables de l\u2019imp\u00f4t belge. Nous sommes aussi reconnus en tant que guide fiable et compagnon pour les expatri\u00e9s qui ont besoin de constituer leur activit\u00e9, d&#039;en assurer la croissance et l\u2019organisation sur le territoire belge.\",\"potentialAction\":[{\"@type\":\"SearchAction\",\"target\":{\"@type\":\"EntryPoint\",\"urlTemplate\":\"https:\\\/\\\/www.leuven-accountants.be\\\/?s={search_term_string}\"},\"query-input\":{\"@type\":\"PropertyValueSpecification\",\"valueRequired\":true,\"valueName\":\"search_term_string\"}}],\"inLanguage\":\"en-US\"}]}<\/script>\n<!-- \/ Yoast SEO plugin. -->","yoast_head_json":{"title":"Useful links - Leuven Accountants","robots":{"index":"index","follow":"follow","max-snippet":"max-snippet:-1","max-image-preview":"max-image-preview:large","max-video-preview":"max-video-preview:-1"},"canonical":"https:\/\/www.leuven-accountants.be\/en\/useful-links\/","og_locale":"en_US","og_type":"article","og_title":"Useful links - Leuven Accountants","og_description":"Official information and services in Belgium BCE-company number &#8211; Public Search Official Belgian State Gazette \u2013 Moniteur Belge European VAT number validation Limosa registration (working in Belgium) Logidrive &#8211; (IT firm Leuven Accountants works with) Affiliated agency for workspace sharing","og_url":"https:\/\/www.leuven-accountants.be\/en\/useful-links\/","og_site_name":"Leuven Accountants","article_modified_time":"2022-01-05T06:54:53+00:00","twitter_card":"summary_large_image","twitter_misc":{"Est. reading time":"1 minute"},"schema":{"@context":"https:\/\/schema.org","@graph":[{"@type":"WebPage","@id":"https:\/\/www.leuven-accountants.be\/en\/useful-links\/","url":"https:\/\/www.leuven-accountants.be\/en\/useful-links\/","name":"Useful links - Leuven Accountants","isPartOf":{"@id":"https:\/\/www.leuven-accountants.be\/#website"},"datePublished":"2018-10-23T13:21:08+00:00","dateModified":"2022-01-05T06:54:53+00:00","breadcrumb":{"@id":"https:\/\/www.leuven-accountants.be\/en\/useful-links\/#breadcrumb"},"inLanguage":"en-US","potentialAction":[{"@type":"ReadAction","target":["https:\/\/www.leuven-accountants.be\/en\/useful-links\/"]}]},{"@type":"BreadcrumbList","@id":"https:\/\/www.leuven-accountants.be\/en\/useful-links\/#breadcrumb","itemListElement":[{"@type":"ListItem","position":1,"name":"Accueil","item":"https:\/\/www.leuven-accountants.be\/en\/"},{"@type":"ListItem","position":2,"name":"Useful links"}]},{"@type":"WebSite","@id":"https:\/\/www.leuven-accountants.be\/#website","url":"https:\/\/www.leuven-accountants.be\/","name":"Leuven Accountants","description":"&lt;strong&gt;Leuven Accountants&lt;\/strong&gt; est une entreprise Internationale de comptabilit\u00e9 offrant \u00e0 ses clients une comptabilit\u00e9 appropri\u00e9e et une consultance optimis\u00e9e des imp\u00f4ts. Le cabinet est comp\u00e9tent au sein du contexte belge, pour les citoyens redevables de l\u2019imp\u00f4t belge. Nous sommes aussi reconnus en tant que guide fiable et compagnon pour les expatri\u00e9s qui ont besoin de constituer leur activit\u00e9, d&#039;en assurer la croissance et l\u2019organisation sur le territoire belge.","potentialAction":[{"@type":"SearchAction","target":{"@type":"EntryPoint","urlTemplate":"https:\/\/www.leuven-accountants.be\/?s={search_term_string}"},"query-input":{"@type":"PropertyValueSpecification","valueRequired":true,"valueName":"search_term_string"}}],"inLanguage":"en-US"}]}},"_links":{"self":[{"href":"https:\/\/www.leuven-accountants.be\/en\/wp-json\/wp\/v2\/pages\/392","targetHints":{"allow":["GET"]}}],"collection":[{"href":"https:\/\/www.leuven-accountants.be\/en\/wp-json\/wp\/v2\/pages"}],"about":[{"href":"https:\/\/www.leuven-accountants.be\/en\/wp-json\/wp\/v2\/types\/page"}],"author":[{"embeddable":true,"href":"https:\/\/www.leuven-accountants.be\/en\/wp-json\/wp\/v2\/users\/1"}],"replies":[{"embeddable":true,"href":"https:\/\/www.leuven-accountants.be\/en\/wp-json\/wp\/v2\/comments?post=392"}],"version-history":[{"count":11,"href":"https:\/\/www.leuven-accountants.be\/en\/wp-json\/wp\/v2\/pages\/392\/revisions"}],"predecessor-version":[{"id":1659,"href":"https:\/\/www.leuven-accountants.be\/en\/wp-json\/wp\/v2\/pages\/392\/revisions\/1659"}],"wp:attachment":[{"href":"https:\/\/www.leuven-accountants.be\/en\/wp-json\/wp\/v2\/media?parent=392"}],"curies":[{"name":"wp","href":"https:\/\/api.w.org\/{rel}","templated":true}]}}