{"id":343,"date":"2018-10-25T13:20:12","date_gmt":"2018-10-25T11:20:12","guid":{"rendered":"https:\/\/www.fidupress.be\/ba\/?page_id=343"},"modified":"2025-11-20T16:54:21","modified_gmt":"2025-11-20T15:54:21","slug":"our-services","status":"publish","type":"page","link":"https:\/\/www.leuven-accountants.be\/en\/","title":{"rendered":"Services"},"content":{"rendered":"\n<p><strong>Leuven Accountants<\/strong>&nbsp;is an internationally oriented accounting firm, offering tailored accounting and optimised tax consulting services to its clients. The office renders&nbsp;their services within&nbsp;the Belgian context&nbsp;for Belgian tax registered clients and&nbsp;specializes in being a reliable&nbsp;accounting companion and tax advice&nbsp;guide for foreigners, who need help&nbsp;in setting up, growing and organizing their Belgian economical or commercial activities.<\/p>\n\n\n\n<p><strong><strong>Leuven <\/strong>Accountants<\/strong>&nbsp;is a team of 8 professionals,&nbsp;working for&nbsp;around 225&nbsp;clients. Occasionally&nbsp;the office is supported by experienced sub-contractors and&nbsp;(university) trainees&nbsp;depending&nbsp;upon the&nbsp;workload.<\/p>\n\n\n\n<h2 class=\"wp-block-heading\">Additional Information<\/h2>\n\n\n\n<ul class=\"wp-block-list\">\n<li><a href=\"\/en\/our-services\/enterprise\/\">Click here<\/a>&nbsp;for Leuven Accountants\u2019 services to&nbsp;<strong>Enterprises<\/strong>&nbsp;(self-employed \u2013 companies)<\/li>\n\n\n\n<li><a href=\"\/en\/our-services\/non-profit-associations\/\">Click here<\/a>&nbsp;for Leuven Accountants\u2019 services to&nbsp;<strong>Non profit associations<\/strong><\/li>\n\n\n\n<li><a href=\"\/en\/our-services\/expatriates\/\">Click here<\/a>&nbsp;for Leuven Accountants\u2019 services to&nbsp;<strong>Expatriates<\/strong><\/li>\n\n\n\n<li><a href=\"\/en\/our-services\/peppol\/\">Click here<\/a> for Leuven Accountants\u2019 services to\u00a0<strong>Peppol<\/strong><\/li>\n<\/ul>\n\n\n\n<p><\/p>\n","protected":false},"excerpt":{"rendered":"<p>Leuven Accountants&nbsp;is an internationally oriented accounting firm, offering tailored accounting and optimised tax consulting services to its clients. The office renders&nbsp;their services within&nbsp;the Belgian context&nbsp;for Belgian tax registered clients and&nbsp;specializes in being a reliable&nbsp;accounting companion and tax advice&nbsp;guide for foreigners, who need help&nbsp;in setting up, growing and organizing their Belgian economical or commercial activities. Leuven [&hellip;]<\/p>\n","protected":false},"author":1,"featured_media":0,"parent":0,"menu_order":0,"comment_status":"closed","ping_status":"closed","template":"","meta":{"footnotes":""},"class_list":["post-343","page","type-page","status-publish","hentry"],"acf":[],"yoast_head":"<!-- This site is optimized with the Yoast SEO plugin v27.5 - https:\/\/yoast.com\/product\/yoast-seo-wordpress\/ -->\n<title>Services - Leuven Accountants<\/title>\n<meta name=\"robots\" content=\"index, follow, max-snippet:-1, max-image-preview:large, max-video-preview:-1\" \/>\n<link rel=\"canonical\" href=\"https:\/\/www.leuven-accountants.be\/en\/\" \/>\n<meta property=\"og:locale\" content=\"en_US\" \/>\n<meta property=\"og:type\" content=\"article\" \/>\n<meta property=\"og:title\" content=\"Services - Leuven Accountants\" \/>\n<meta property=\"og:description\" content=\"Leuven Accountants&nbsp;is an internationally oriented accounting firm, offering tailored accounting and optimised tax consulting services to its clients. The office renders&nbsp;their services within&nbsp;the Belgian context&nbsp;for Belgian tax registered clients and&nbsp;specializes in being a reliable&nbsp;accounting companion and tax advice&nbsp;guide for foreigners, who need help&nbsp;in setting up, growing and organizing their Belgian economical or commercial activities. Leuven [&hellip;]\" \/>\n<meta property=\"og:url\" content=\"https:\/\/www.leuven-accountants.be\/en\/\" \/>\n<meta property=\"og:site_name\" content=\"Leuven Accountants\" \/>\n<meta property=\"article:modified_time\" content=\"2025-11-20T15:54:21+00:00\" \/>\n<meta name=\"twitter:card\" content=\"summary_large_image\" \/>\n<meta name=\"twitter:label1\" content=\"Est. reading time\" \/>\n\t<meta name=\"twitter:data1\" content=\"1 minute\" \/>\n<script type=\"application\/ld+json\" class=\"yoast-schema-graph\">{\"@context\":\"https:\\\/\\\/schema.org\",\"@graph\":[{\"@type\":\"WebPage\",\"@id\":\"https:\\\/\\\/www.leuven-accountants.be\\\/en\\\/\",\"url\":\"https:\\\/\\\/www.leuven-accountants.be\\\/en\\\/\",\"name\":\"Services - Leuven Accountants\",\"isPartOf\":{\"@id\":\"https:\\\/\\\/www.leuven-accountants.be\\\/#website\"},\"datePublished\":\"2018-10-25T11:20:12+00:00\",\"dateModified\":\"2025-11-20T15:54:21+00:00\",\"breadcrumb\":{\"@id\":\"https:\\\/\\\/www.leuven-accountants.be\\\/en\\\/#breadcrumb\"},\"inLanguage\":\"en-US\",\"potentialAction\":[{\"@type\":\"ReadAction\",\"target\":[\"https:\\\/\\\/www.leuven-accountants.be\\\/en\\\/\"]}]},{\"@type\":\"BreadcrumbList\",\"@id\":\"https:\\\/\\\/www.leuven-accountants.be\\\/en\\\/#breadcrumb\",\"itemListElement\":[{\"@type\":\"ListItem\",\"position\":1,\"name\":\"Accueil\",\"item\":\"https:\\\/\\\/www.leuven-accountants.be\\\/en\\\/\"},{\"@type\":\"ListItem\",\"position\":2,\"name\":\"Services\"}]},{\"@type\":\"WebSite\",\"@id\":\"https:\\\/\\\/www.leuven-accountants.be\\\/#website\",\"url\":\"https:\\\/\\\/www.leuven-accountants.be\\\/\",\"name\":\"Leuven Accountants\",\"description\":\"&lt;strong&gt;Leuven Accountants&lt;\\\/strong&gt; est une entreprise Internationale de comptabilit\u00e9 offrant \u00e0 ses clients une comptabilit\u00e9 appropri\u00e9e et une consultance optimis\u00e9e des imp\u00f4ts. Le cabinet est comp\u00e9tent au sein du contexte belge, pour les citoyens redevables de l\u2019imp\u00f4t belge. Nous sommes aussi reconnus en tant que guide fiable et compagnon pour les expatri\u00e9s qui ont besoin de constituer leur activit\u00e9, d&#039;en assurer la croissance et l\u2019organisation sur le territoire belge.\",\"potentialAction\":[{\"@type\":\"SearchAction\",\"target\":{\"@type\":\"EntryPoint\",\"urlTemplate\":\"https:\\\/\\\/www.leuven-accountants.be\\\/?s={search_term_string}\"},\"query-input\":{\"@type\":\"PropertyValueSpecification\",\"valueRequired\":true,\"valueName\":\"search_term_string\"}}],\"inLanguage\":\"en-US\"}]}<\/script>\n<!-- \/ Yoast SEO plugin. -->","yoast_head_json":{"title":"Services - Leuven Accountants","robots":{"index":"index","follow":"follow","max-snippet":"max-snippet:-1","max-image-preview":"max-image-preview:large","max-video-preview":"max-video-preview:-1"},"canonical":"https:\/\/www.leuven-accountants.be\/en\/","og_locale":"en_US","og_type":"article","og_title":"Services - Leuven Accountants","og_description":"Leuven Accountants&nbsp;is an internationally oriented accounting firm, offering tailored accounting and optimised tax consulting services to its clients. The office renders&nbsp;their services within&nbsp;the Belgian context&nbsp;for Belgian tax registered clients and&nbsp;specializes in being a reliable&nbsp;accounting companion and tax advice&nbsp;guide for foreigners, who need help&nbsp;in setting up, growing and organizing their Belgian economical or commercial activities. Leuven [&hellip;]","og_url":"https:\/\/www.leuven-accountants.be\/en\/","og_site_name":"Leuven Accountants","article_modified_time":"2025-11-20T15:54:21+00:00","twitter_card":"summary_large_image","twitter_misc":{"Est. reading time":"1 minute"},"schema":{"@context":"https:\/\/schema.org","@graph":[{"@type":"WebPage","@id":"https:\/\/www.leuven-accountants.be\/en\/","url":"https:\/\/www.leuven-accountants.be\/en\/","name":"Services - Leuven Accountants","isPartOf":{"@id":"https:\/\/www.leuven-accountants.be\/#website"},"datePublished":"2018-10-25T11:20:12+00:00","dateModified":"2025-11-20T15:54:21+00:00","breadcrumb":{"@id":"https:\/\/www.leuven-accountants.be\/en\/#breadcrumb"},"inLanguage":"en-US","potentialAction":[{"@type":"ReadAction","target":["https:\/\/www.leuven-accountants.be\/en\/"]}]},{"@type":"BreadcrumbList","@id":"https:\/\/www.leuven-accountants.be\/en\/#breadcrumb","itemListElement":[{"@type":"ListItem","position":1,"name":"Accueil","item":"https:\/\/www.leuven-accountants.be\/en\/"},{"@type":"ListItem","position":2,"name":"Services"}]},{"@type":"WebSite","@id":"https:\/\/www.leuven-accountants.be\/#website","url":"https:\/\/www.leuven-accountants.be\/","name":"Leuven Accountants","description":"&lt;strong&gt;Leuven Accountants&lt;\/strong&gt; est une entreprise Internationale de comptabilit\u00e9 offrant \u00e0 ses clients une comptabilit\u00e9 appropri\u00e9e et une consultance optimis\u00e9e des imp\u00f4ts. Le cabinet est comp\u00e9tent au sein du contexte belge, pour les citoyens redevables de l\u2019imp\u00f4t belge. Nous sommes aussi reconnus en tant que guide fiable et compagnon pour les expatri\u00e9s qui ont besoin de constituer leur activit\u00e9, d&#039;en assurer la croissance et l\u2019organisation sur le territoire belge.","potentialAction":[{"@type":"SearchAction","target":{"@type":"EntryPoint","urlTemplate":"https:\/\/www.leuven-accountants.be\/?s={search_term_string}"},"query-input":{"@type":"PropertyValueSpecification","valueRequired":true,"valueName":"search_term_string"}}],"inLanguage":"en-US"}]}},"_links":{"self":[{"href":"https:\/\/www.leuven-accountants.be\/en\/wp-json\/wp\/v2\/pages\/343","targetHints":{"allow":["GET"]}}],"collection":[{"href":"https:\/\/www.leuven-accountants.be\/en\/wp-json\/wp\/v2\/pages"}],"about":[{"href":"https:\/\/www.leuven-accountants.be\/en\/wp-json\/wp\/v2\/types\/page"}],"author":[{"embeddable":true,"href":"https:\/\/www.leuven-accountants.be\/en\/wp-json\/wp\/v2\/users\/1"}],"replies":[{"embeddable":true,"href":"https:\/\/www.leuven-accountants.be\/en\/wp-json\/wp\/v2\/comments?post=343"}],"version-history":[{"count":10,"href":"https:\/\/www.leuven-accountants.be\/en\/wp-json\/wp\/v2\/pages\/343\/revisions"}],"predecessor-version":[{"id":3147,"href":"https:\/\/www.leuven-accountants.be\/en\/wp-json\/wp\/v2\/pages\/343\/revisions\/3147"}],"wp:attachment":[{"href":"https:\/\/www.leuven-accountants.be\/en\/wp-json\/wp\/v2\/media?parent=343"}],"curies":[{"name":"wp","href":"https:\/\/api.w.org\/{rel}","templated":true}]}}